{"id":6281,"date":"2024-03-15T15:01:13","date_gmt":"2024-03-15T14:01:13","guid":{"rendered":"https:\/\/campusdogs.de\/?page_id=6281"},"modified":"2024-05-23T13:17:16","modified_gmt":"2024-05-23T11:17:16","slug":"qualifikation-juliane-woelfer","status":"publish","type":"page","link":"https:\/\/campusdogs.de\/en\/qualifikation-juliane-woelfer\/","title":{"rendered":"Qualifikation Juliane W\u00f6lfer"},"content":{"rendered":"<div data-elementor-type=\"wp-page\" data-elementor-id=\"6281\" class=\"elementor elementor-6281\" data-elementor-post-type=\"page\">\n\t\t\t\t<div class=\"elementor-element elementor-element-3377181f e-con-full e-flex e-con e-parent\" data-id=\"3377181f\" data-element_type=\"container\" data-e-type=\"container\" data-settings=\"{&quot;background_background&quot;:&quot;classic&quot;}\">\n\t\t<div class=\"elementor-element elementor-element-17d472ba e-flex e-con-boxed e-con e-child\" data-id=\"17d472ba\" data-element_type=\"container\" data-e-type=\"container\">\n\t\t\t\t\t<div class=\"e-con-inner\">\n\t\t<div class=\"elementor-element elementor-element-e35e1d8 e-con-full e-flex e-con e-child\" data-id=\"e35e1d8\" data-element_type=\"container\" data-e-type=\"container\">\n\t\t<div class=\"elementor-element elementor-element-7f98b8b8 e-con-full e-flex e-con e-child\" data-id=\"7f98b8b8\" data-element_type=\"container\" data-e-type=\"container\">\n\t\t<div class=\"elementor-element elementor-element-451dd7d9 e-flex e-con-boxed e-con e-child\" data-id=\"451dd7d9\" data-element_type=\"container\" data-e-type=\"container\">\n\t\t\t\t\t<div class=\"e-con-inner\">\n\t\t\t\t<div class=\"elementor-element elementor-element-42d34ff0 elementor-widget elementor-widget-heading\" data-id=\"42d34ff0\" data-element_type=\"widget\" data-e-type=\"widget\" data-widget_type=\"heading.default\">\n\t\t\t\t<div class=\"elementor-widget-container\">\n\t\t\t\t\t<h1 class=\"elementor-heading-title elementor-size-default\">Qualifikationen Juliane W\u00f6lfer<\/h1>\t\t\t\t<\/div>\n\t\t\t\t<\/div>\n\t\t\t\t\t<\/div>\n\t\t\t\t<\/div>\n\t\t\t\t<\/div>\n\t\t\t\t<\/div>\n\t\t\t\t\t<\/div>\n\t\t\t\t<\/div>\n\t\t\t\t<\/div>\n\t\t<div class=\"elementor-element elementor-element-52b64fc7 e-con-full e-flex e-con e-parent\" data-id=\"52b64fc7\" data-element_type=\"container\" data-e-type=\"container\" data-settings=\"{&quot;background_background&quot;:&quot;classic&quot;}\">\n\t\t<div class=\"elementor-element elementor-element-4cf3d388 e-flex e-con-boxed e-con e-child\" data-id=\"4cf3d388\" data-element_type=\"container\" data-e-type=\"container\">\n\t\t\t\t\t<div class=\"e-con-inner\">\n\t\t<div class=\"elementor-element elementor-element-66125bf1 e-con-full e-flex e-con e-child\" data-id=\"66125bf1\" data-element_type=\"container\" data-e-type=\"container\">\n\t\t<div class=\"elementor-element elementor-element-7b6a1610 e-con-full e-flex e-con e-child\" data-id=\"7b6a1610\" data-element_type=\"container\" data-e-type=\"container\">\n\t\t<div class=\"elementor-element elementor-element-47fe97b2 e-flex e-con-boxed e-con e-child\" data-id=\"47fe97b2\" data-element_type=\"container\" data-e-type=\"container\">\n\t\t\t\t\t<div class=\"e-con-inner\">\n\t\t\t\t<div class=\"elementor-element elementor-element-cce3ede elementor-widget elementor-widget-image\" data-id=\"cce3ede\" data-element_type=\"widget\" data-e-type=\"widget\" data-widget_type=\"image.default\">\n\t\t\t\t<div class=\"elementor-widget-container\">\n\t\t\t\t\t\t\t\t\t\t\t\t\t\t\t<img fetchpriority=\"high\" decoding=\"async\" width=\"400\" height=\"600\" src=\"https:\/\/campusdogs.de\/wp-content\/uploads\/2023\/04\/juliane_w.jpg\" class=\"attachment-large size-large wp-image-5447\" alt=\"\" \/>\t\t\t\t\t\t\t\t\t\t\t\t\t\t\t<\/div>\n\t\t\t\t<\/div>\n\t\t\t\t\t<\/div>\n\t\t\t\t<\/div>\n\t\t\t\t<\/div>\n\t\t<div class=\"elementor-element elementor-element-25adaf95 e-con-full e-flex e-con e-child\" data-id=\"25adaf95\" data-element_type=\"container\" data-e-type=\"container\">\n\t\t<div class=\"elementor-element elementor-element-1c6d2c1d e-flex e-con-boxed e-con e-child\" data-id=\"1c6d2c1d\" data-element_type=\"container\" data-e-type=\"container\">\n\t\t\t\t\t<div class=\"e-con-inner\">\n\t\t\t\t<div class=\"elementor-element elementor-element-6be46cca elementor-widget elementor-widget-heading\" data-id=\"6be46cca\" data-element_type=\"widget\" data-e-type=\"widget\" data-widget_type=\"heading.default\">\n\t\t\t\t<div class=\"elementor-widget-container\">\n\t\t\t\t\t<h3 class=\"elementor-heading-title elementor-size-default\">Seminare \/ Kompaktweiterbildungen<\/h3>\t\t\t\t<\/div>\n\t\t\t\t<\/div>\n\t\t\t\t<div class=\"elementor-element elementor-element-18bd052f elementor-widget elementor-widget-text-editor\" data-id=\"18bd052f\" data-element_type=\"widget\" data-e-type=\"widget\" data-widget_type=\"text-editor.default\">\n\t\t\t\t<div class=\"elementor-widget-container\">\n\t\t\t\t\t\t\t\t\t<p><strong>28.04. &#8211; 04.05.2024<\/strong><br \/>Agility bei <a href=\"https:\/\/profi-tier-training.de\/\" target=\"_blank\" rel=\"noopener\">Stephanie La Motte<\/a><\/p><p><strong>16.07. &#8211; 23.07.2023<\/strong><br \/>Dogdance-Seminar bei <a href=\"http:\/\/dogdance.de\/\" target=\"_blank\" rel=\"noopener\">Denise Nardelli<\/a><\/p><p><strong>07.08. &#8211; 15.08.2022<\/strong><br \/>Dogdance-Seminar bei <a href=\"http:\/\/dogdance.de\/\" target=\"_blank\" rel=\"noopener\">Denise Nardelli<\/a><\/p><p><strong>10.04. &#8211; 17.04.2022<\/strong><br \/>JAD Dog mit <a href=\"https:\/\/micadogs.com\/\" target=\"_blank\" rel=\"noopener\">Mica K\u00f6ppel<\/a> im Hotel Wolf (Oberammergau)<\/p><p><strong>03.04. &#8211; 09.04.2022<\/strong><br \/>Mantrailing mit Gabriele Trautmann im Hotel Wolf (Oberammergau)<\/p><p><strong>08.08. &#8211; 15.08.2021<\/strong><br \/>Dogdance-Seminar bei <a href=\"http:\/\/dogdance.de\/\" target=\"_blank\" rel=\"noopener\">Denise Nardelli<\/a><\/p><p><strong>31.05. &#8211; 06.06.2020<\/strong><br \/>Trick- und Dogdanceseminarwoche <a href=\"https:\/\/micadogs.com\/\" target=\"_blank\" rel=\"noopener\">Mica K\u00f6ppel<\/a> im Hotel Wolf (Oberammergau)<\/p><p><strong>05.10. &#8211; 06.10.2019<\/strong><br \/>Dogdance-Seminar bei <a href=\"http:\/\/dogdance.de\/\" target=\"_blank\" rel=\"noopener\">Denise Nardelli<\/a><\/p><p><strong>06.04. &#8211; 07.04.2019<\/strong><br \/>Dogdance-Seminar bei <a href=\"http:\/\/dogdance.de\/\" target=\"_blank\" rel=\"noopener\">Denise Nardelli<\/a><\/p><p><strong>29.09. &#8211; 30.09.2018<\/strong><br \/>Dogdance-Seminar bei <a href=\"http:\/\/dogdance.de\/\" target=\"_blank\" rel=\"noopener\">Denise Nardelli<\/a><\/p><p><strong>17.05. &#8211; 24.05.2017<\/strong> <br \/>Tierkommunikation bei <a href=\"https:\/\/www.herzensmedium.de\/\" target=\"_blank\" rel=\"noopener\">Bianca Sommer<\/a> (Tier-Therapie-Zentrum)<\/p><p><strong>14.11. &#8211; 15.11.2015<\/strong><br \/>Anita Balser &#8211; &#8222;Die gro\u00dfe Freiheit&#8220;<\/p><p><strong>29.03. &#8211; 01.04.212<\/strong> <br \/>Leinenf\u00fchrigkeit nach &#8222;Hundezentrum Wolff&#8220;<\/p><p><strong>26.03. &#8211; 27.03.2011<\/strong> <br \/>Dogfrisbee-Seminar bei Sabine und Marcus Wolff (Hundezentrum Wolff \/ Hundeschule Canis)<\/p><p><strong>26.02. &#8211; 27.02.2011<\/strong> <br \/><a href=\"https:\/\/www.hundeschulen.de\/\" target=\"_blank\" rel=\"noopener\">BHV<\/a>-Seminar &#8222;Aggressionsverhalten bei Hunden&#8220; (Dr. med. vet. Renate Jones)unterst\u00fctzt seitdem Juliane bei Gruppenkursen und Einzeltrainings.<\/p>\t\t\t\t\t\t\t\t<\/div>\n\t\t\t\t<\/div>\n\t\t\t\t\t<\/div>\n\t\t\t\t<\/div>\n\t\t\t\t<\/div>\n\t\t\t\t<\/div>\n\t\t\t\t\t<\/div>\n\t\t\t\t<\/div>\n\t\t\t\t<\/div>\n\t\t<div class=\"elementor-element elementor-element-1cb0ddb e-con-full e-flex e-con e-parent\" data-id=\"1cb0ddb\" data-element_type=\"container\" data-e-type=\"container\" data-settings=\"{&quot;background_background&quot;:&quot;classic&quot;}\">\n\t\t<div class=\"elementor-element elementor-element-e2ed05b e-flex e-con-boxed e-con e-child\" data-id=\"e2ed05b\" data-element_type=\"container\" data-e-type=\"container\">\n\t\t\t\t\t<div class=\"e-con-inner\">\n\t\t<div class=\"elementor-element elementor-element-98fcb4c e-con-full e-flex e-con e-child\" data-id=\"98fcb4c\" data-element_type=\"container\" data-e-type=\"container\">\n\t\t<div class=\"elementor-element elementor-element-fabf47d e-con-full e-flex e-con e-child\" data-id=\"fabf47d\" data-element_type=\"container\" data-e-type=\"container\">\n\t\t<div class=\"elementor-element elementor-element-4db7b95 e-flex e-con-boxed e-con e-child\" data-id=\"4db7b95\" data-element_type=\"container\" data-e-type=\"container\">\n\t\t\t\t\t<div class=\"e-con-inner\">\n\t\t\t\t<div class=\"elementor-element elementor-element-27d6812 elementor-widget elementor-widget-heading\" data-id=\"27d6812\" data-element_type=\"widget\" data-e-type=\"widget\" data-widget_type=\"heading.default\">\n\t\t\t\t<div class=\"elementor-widget-container\">\n\t\t\t\t\t<h3 class=\"elementor-heading-title elementor-size-default\">BHV \/ IHK-Weiterbildung zum zertifizierten Hundeerzieher und Verhaltensberater<\/h3>\t\t\t\t<\/div>\n\t\t\t\t<\/div>\n\t\t\t\t<div class=\"elementor-element elementor-element-da0d137 elementor-widget elementor-widget-text-editor\" data-id=\"da0d137\" data-element_type=\"widget\" data-e-type=\"widget\" data-widget_type=\"text-editor.default\">\n\t\t\t\t<div class=\"elementor-widget-container\">\n\t\t\t\t\t\t\t\t\t<p><em>Neben den unten aufgef\u00fchrten Theorie-Seminaren absolvierte Juliane 500 Praxisstunden bei bereits zertifizierten Hundeerziehern des Berufsverbandes f\u00fcr Hundeerzieher und Verhaltensberater. <\/em><\/p><p><strong>M\u00e4rz 2009<\/strong> &#8211; Schl\u00fcsselqualifikation &#8222;Vom Hobby zum Beruf&#8220; <br \/>(Existenzgr\u00fcndungsm\u00f6glichkeiten, Marktbeobachtungen, Marketingans\u00e4tze, Rechtsformen&#8230;)<\/p><p><strong>M\u00e4rz 2009 <\/strong>&#8211; Rechtliche Grundlagen<br \/>(Ordnungsbeh\u00f6rdliche Verordnung \u00fcber das Halten und F\u00fchren von Hunden, Tierschutz\u2026)<\/p><p><strong> Juni 2009 <\/strong>&#8211; Anatomische und physiologische Grundlagen, Krankheiten<br \/>(Skelettsystem, Verdauungstrakt und innere Organe, Harnapparat, Hormone)<\/p><p><strong>Juli 2009<\/strong> &#8211; Neurologie, Neurophysiologie, Neurologie des Lernens, Ern\u00e4hrung, Erste Hilfe<\/p><p><strong>Juli 2009<\/strong> &#8211; Ethologie, Lernverhalten I, Lernverhalten II<br \/>(Wolfsverhalten, Formen des Lernens, Kommunikation Mensch-Hund, Trainingsaufbau\u2026)<\/p><p><strong>August 2009<\/strong> &#8211; Problemverhalten I, II und III<br \/>(\u00dcbererregbarkeit, Unsauberkeit, Angstprobleme, Aggression gegen\u00fcber Mensch und Hund\u2026)<\/p><p><strong>Dezember 2009<\/strong> &#8211; Kommunikation mit dem Kunden<\/p><p><strong>Dezember 2009<\/strong> &#8211; Lernverhalten III<br \/>(Praxis Hundeerziehung)<\/p><p><strong>M\u00e4rz 2010 <\/strong>&#8211; Aufbau von Trainingseinheiten<\/p><p><strong>M\u00e4rz 2010<\/strong> &#8211; Welpengruppen leiten<\/p><p><strong>M\u00e4rz 2010<\/strong> &#8211; Clickertraining<\/p><p><strong>M\u00e4rz 2010 <\/strong>&#8211; 3-Tages-Kompaktseminar bei Tina Schnatz zum Thema Problemverhalten<\/p><p><strong>April 2010 <\/strong>&#8211; Unternehmensf\u00fchrung und Management<br \/>(betriebswirtschaftliche Grundlagen, Marketing, Servicequalit\u00e4t)<\/p><p><strong>Mai 2010<\/strong> &#8211; Kommunikations- und Pr\u00e4sentationstechniken<br \/>(Grundsatz der Kommunikation, Kommunikationsablauf, pers\u00f6nliche Pr\u00e4sentation\u2026)<\/p><p><strong>Juni 2010<\/strong> &#8211; Methodenkompetenz in der Weiterbildung<br \/>(Kompetenz in der Erwachsenenbildung, Konfliktmanagement, System des Coaching\u2026)<\/p><p><strong>19.06.2010<\/strong> &#8211; Abschlusspr\u00fcfung in den Bereichen: Kurzvortrag zum Fachthema (R\u00fctteldose) Beratungsgespr\u00e4ch zum Problemverhalten<\/p><p><strong>20.06.2010<\/strong> &#8211; Abschlusspr\u00fcfung in den Bereichen: Trainingsplan erstellen und im Gruppenunterricht umsetzen, Videoanalyse<\/p><p><strong>Juliane W\u00f6lfer ist eine durch die IHK Potsdam und den BHV (Berufsverband der Hundeerzieher und Verhaltensberater) zertifizierte Hundeerzieherin und Verhaltensberaterin. In der 15-monatigen Weiterbildung, welche 312 Theorie- und 500 Praxisstunden umfasste, bildete sie sich unter anderem in den Bereichen Lernverhalten des Hundes, Problemverhalten, Welpenerziehung, Clickertraining und Kommunikation mit dem Kunden fort. Sie schloss die Weiterbildung als J\u00fcngste in ihrer Pr\u00fcfungsklasse sehr erfolgreich ab. <\/strong><\/p>\t\t\t\t\t\t\t\t<\/div>\n\t\t\t\t<\/div>\n\t\t\t\t\t<\/div>\n\t\t\t\t<\/div>\n\t\t\t\t<\/div>\n\t\t<div class=\"elementor-element elementor-element-d874cd4 e-con-full e-flex e-con e-child\" data-id=\"d874cd4\" data-element_type=\"container\" data-e-type=\"container\">\n\t\t<div class=\"elementor-element elementor-element-79e66c7 e-flex e-con-boxed e-con e-child\" data-id=\"79e66c7\" data-element_type=\"container\" data-e-type=\"container\">\n\t\t\t\t\t<div class=\"e-con-inner\">\n\t\t\t\t<div class=\"elementor-element elementor-element-fcfeb0b elementor-widget elementor-widget-image\" data-id=\"fcfeb0b\" data-element_type=\"widget\" data-e-type=\"widget\" data-widget_type=\"image.default\">\n\t\t\t\t<div class=\"elementor-widget-container\">\n\t\t\t\t\t\t\t\t\t\t\t\t\t\t\t<img decoding=\"async\" width=\"640\" height=\"480\" src=\"https:\/\/campusdogs.de\/wp-content\/uploads\/2024\/03\/004.jpg\" class=\"attachment-large size-large wp-image-6282\" alt=\"\" \/>\t\t\t\t\t\t\t\t\t\t\t\t\t\t\t<\/div>\n\t\t\t\t<\/div>\n\t\t\t\t\t<\/div>\n\t\t\t\t<\/div>\n\t\t\t\t<\/div>\n\t\t\t\t<\/div>\n\t\t\t\t\t<\/div>\n\t\t\t\t<\/div>\n\t\t\t\t<\/div>\n\t\t<div class=\"elementor-element elementor-element-123eb46 e-con-full e-flex e-con e-parent\" data-id=\"123eb46\" data-element_type=\"container\" data-e-type=\"container\" data-settings=\"{&quot;background_background&quot;:&quot;classic&quot;}\">\n\t\t<div class=\"elementor-element elementor-element-2442635 e-flex e-con-boxed e-con e-child\" data-id=\"2442635\" data-element_type=\"container\" data-e-type=\"container\">\n\t\t\t\t\t<div class=\"e-con-inner\">\n\t\t<div class=\"elementor-element elementor-element-e95f93b e-con-full e-flex e-con e-child\" data-id=\"e95f93b\" data-element_type=\"container\" data-e-type=\"container\">\n\t\t<div class=\"elementor-element elementor-element-2f0405c e-con-full e-flex e-con e-child\" data-id=\"2f0405c\" data-element_type=\"container\" data-e-type=\"container\">\n\t\t<div class=\"elementor-element elementor-element-ad0eaed e-flex e-con-boxed e-con e-child\" data-id=\"ad0eaed\" data-element_type=\"container\" data-e-type=\"container\">\n\t\t\t\t\t<div class=\"e-con-inner\">\n\t\t\t\t<div class=\"elementor-element elementor-element-ec6478d elementor-widget elementor-widget-image\" data-id=\"ec6478d\" data-element_type=\"widget\" data-e-type=\"widget\" data-widget_type=\"image.default\">\n\t\t\t\t<div class=\"elementor-widget-container\">\n\t\t\t\t\t\t\t\t\t\t\t\t\t\t\t<img decoding=\"async\" width=\"640\" height=\"960\" src=\"https:\/\/campusdogs.de\/wp-content\/uploads\/2024\/03\/Abby_2020-14-640x960.jpg\" class=\"attachment-large size-large wp-image-6284\" alt=\"\" srcset=\"https:\/\/campusdogs.de\/wp-content\/uploads\/2024\/03\/Abby_2020-14-640x960.jpg 640w, https:\/\/campusdogs.de\/wp-content\/uploads\/2024\/03\/Abby_2020-14-427x640.jpg 427w, https:\/\/campusdogs.de\/wp-content\/uploads\/2024\/03\/Abby_2020-14-768x1152.jpg 768w, https:\/\/campusdogs.de\/wp-content\/uploads\/2024\/03\/Abby_2020-14-1024x1536.jpg 1024w, https:\/\/campusdogs.de\/wp-content\/uploads\/2024\/03\/Abby_2020-14-1365x2048.jpg 1365w, https:\/\/campusdogs.de\/wp-content\/uploads\/2024\/03\/Abby_2020-14-scaled.jpg 1707w\" sizes=\"(max-width: 640px) 100vw, 640px\" \/>\t\t\t\t\t\t\t\t\t\t\t\t\t\t\t<\/div>\n\t\t\t\t<\/div>\n\t\t\t\t\t<\/div>\n\t\t\t\t<\/div>\n\t\t\t\t<\/div>\n\t\t<div class=\"elementor-element elementor-element-b95f51f e-con-full e-flex e-con e-child\" data-id=\"b95f51f\" data-element_type=\"container\" data-e-type=\"container\">\n\t\t<div class=\"elementor-element elementor-element-a385fbe e-flex e-con-boxed e-con e-child\" data-id=\"a385fbe\" data-element_type=\"container\" data-e-type=\"container\">\n\t\t\t\t\t<div class=\"e-con-inner\">\n\t\t\t\t<div class=\"elementor-element elementor-element-9fe3510 elementor-widget elementor-widget-heading\" data-id=\"9fe3510\" data-element_type=\"widget\" data-e-type=\"widget\" data-widget_type=\"heading.default\">\n\t\t\t\t<div class=\"elementor-widget-container\">\n\t\t\t\t\t<h3 class=\"elementor-heading-title elementor-size-default\">Hundesport \/ Turniere und Pr\u00fcfungen<\/h3>\t\t\t\t<\/div>\n\t\t\t\t<\/div>\n\t\t\t\t<div class=\"elementor-element elementor-element-eb90fe8 elementor-widget elementor-widget-text-editor\" data-id=\"eb90fe8\" data-element_type=\"widget\" data-e-type=\"widget\" data-widget_type=\"text-editor.default\">\n\t\t\t\t<div class=\"elementor-widget-container\">\n\t\t\t\t\t\t\t\t\t<p><strong>September 2021<\/strong><br \/>Dogdanceturnier mit Abby Feriengut Sewekow<\/p><p><strong>August 2018<\/strong><br \/>2. Dogdanceturnier mit Abby bei Yumeico in Leipzig<\/p><p><strong>November 2017<\/strong><br \/>Dogdanceturnier mit Abby in Berlin<\/p><p><strong>August 2017<\/strong><br \/>1. Dogdanceturnier mit Abby bei Yumeico in Leipzig<\/p><p><strong>November 2016<\/strong><br \/>Begleithundepr\u00fcfung mit Abby<\/p><p><strong>Mai 2007<\/strong><br \/>Begleithundepr\u00fcfung mit \u201cDusty\u201d (Ausbildungshund) bestanden<\/p><p><strong> Mai 2007<\/strong><br \/>F\u00e4hrtenpr\u00fcfung 3 mit \u201cHedi\u201d bestanden (98 Punkte)<\/p><p><strong>Oktober 2006<\/strong><br \/>F\u00e4hrtenpr\u00fcfung 2 mit \u201cHedi\u201d bestanden (96 Punkte)<\/p><p><strong>Mai 2006<\/strong><br \/>F\u00e4hrtenpr\u00fcfung 1 mit \u201cHedi\u201d bestanden (98 Punkte)<\/p><p><strong> Mai 2005<\/strong><br \/>Begleithundepr\u00fcfung mit \u201cCasper von der Harth\u201d (Ausbildungshund) bestanden<\/p><p><strong>Oktober 2003<\/strong><br \/>Begleithundepr\u00fcfung mit \u201cHedi\u201d bestanden<\/p>\t\t\t\t\t\t\t\t<\/div>\n\t\t\t\t<\/div>\n\t\t\t\t\t<\/div>\n\t\t\t\t<\/div>\n\t\t\t\t<\/div>\n\t\t\t\t<\/div>\n\t\t\t\t\t<\/div>\n\t\t\t\t<\/div>\n\t\t\t\t<\/div>\n\t\t<div class=\"elementor-element elementor-element-b78d247 e-con-full e-flex e-con e-parent\" data-id=\"b78d247\" data-element_type=\"container\" data-e-type=\"container\" data-settings=\"{&quot;background_background&quot;:&quot;classic&quot;}\">\n\t\t<div class=\"elementor-element elementor-element-bc25070 e-flex e-con-boxed e-con e-child\" data-id=\"bc25070\" data-element_type=\"container\" data-e-type=\"container\">\n\t\t\t\t\t<div class=\"e-con-inner\">\n\t\t<div class=\"elementor-element elementor-element-3f03215 e-con-full e-flex e-con e-child\" data-id=\"3f03215\" data-element_type=\"container\" data-e-type=\"container\">\n\t\t<div class=\"elementor-element elementor-element-0142f91 e-con-full e-flex e-con e-child\" data-id=\"0142f91\" data-element_type=\"container\" data-e-type=\"container\">\n\t\t<div class=\"elementor-element elementor-element-13ffe03 e-flex e-con-boxed e-con e-child\" data-id=\"13ffe03\" data-element_type=\"container\" data-e-type=\"container\">\n\t\t\t\t\t<div class=\"e-con-inner\">\n\t\t\t\t<div class=\"elementor-element elementor-element-6920761 elementor-widget elementor-widget-image\" data-id=\"6920761\" data-element_type=\"widget\" data-e-type=\"widget\" data-widget_type=\"image.default\">\n\t\t\t\t<div class=\"elementor-widget-container\">\n\t\t\t\t\t\t\t\t\t\t\t\t\t\t\t<img loading=\"lazy\" decoding=\"async\" width=\"640\" height=\"960\" src=\"https:\/\/campusdogs.de\/wp-content\/uploads\/2024\/03\/IMG_8216-640x960.jpg\" class=\"attachment-large size-large wp-image-6285\" alt=\"\" srcset=\"https:\/\/campusdogs.de\/wp-content\/uploads\/2024\/03\/IMG_8216-640x960.jpg 640w, https:\/\/campusdogs.de\/wp-content\/uploads\/2024\/03\/IMG_8216-427x640.jpg 427w, https:\/\/campusdogs.de\/wp-content\/uploads\/2024\/03\/IMG_8216-768x1152.jpg 768w, https:\/\/campusdogs.de\/wp-content\/uploads\/2024\/03\/IMG_8216-1024x1536.jpg 1024w, https:\/\/campusdogs.de\/wp-content\/uploads\/2024\/03\/IMG_8216-1365x2048.jpg 1365w, https:\/\/campusdogs.de\/wp-content\/uploads\/2024\/03\/IMG_8216-scaled.jpg 1707w\" sizes=\"(max-width: 640px) 100vw, 640px\" \/>\t\t\t\t\t\t\t\t\t\t\t\t\t\t\t<\/div>\n\t\t\t\t<\/div>\n\t\t\t\t\t<\/div>\n\t\t\t\t<\/div>\n\t\t\t\t<\/div>\n\t\t<div class=\"elementor-element elementor-element-6e14646 e-con-full e-flex e-con e-child\" data-id=\"6e14646\" data-element_type=\"container\" data-e-type=\"container\">\n\t\t<div class=\"elementor-element elementor-element-182ce27 e-flex e-con-boxed e-con e-child\" data-id=\"182ce27\" data-element_type=\"container\" data-e-type=\"container\">\n\t\t\t\t\t<div class=\"e-con-inner\">\n\t\t\t\t<div class=\"elementor-element elementor-element-ba04747 elementor-widget elementor-widget-heading\" data-id=\"ba04747\" data-element_type=\"widget\" data-e-type=\"widget\" data-widget_type=\"heading.default\">\n\t\t\t\t<div class=\"elementor-widget-container\">\n\t\t\t\t\t<h3 class=\"elementor-heading-title elementor-size-default\">Berufsausbildung<\/h3>\t\t\t\t<\/div>\n\t\t\t\t<\/div>\n\t\t\t\t<div class=\"elementor-element elementor-element-d55e6e2 elementor-widget elementor-widget-text-editor\" data-id=\"d55e6e2\" data-element_type=\"widget\" data-e-type=\"widget\" data-widget_type=\"text-editor.default\">\n\t\t\t\t<div class=\"elementor-widget-container\">\n\t\t\t\t\t\t\t\t\t<p><strong> September 2007 \u2013 Januar 2009<\/strong><br \/>Ausbildung zur Heim- und Pensionstierpflegerin in 1,5 statt 3 Jahren Lehrzeit (aufgrund entsprechender Vorbildung und sehr guter Leistungen) <br \/>Pr\u00fcfungsergebnis im Bereich \u201cErziehen von Hunden\u201d 100\/100 Punkte<\/p><p><strong> Oktober\/November 2008<\/strong><br \/>Teilnahme am Seminar \u201cGrundlagen der Haustier-Rechtssituation\u201d mit Gerhard Oesterreich<\/p><p><strong>November 2009<\/strong><br \/>Auszeichnung zur jahrgangsbesten Auszubildenden 2009 im IHK-Bereich Neubrandenburg im Ausbildungsberuf \u201cHeim- und Pensionstierpfleger\u201d<\/p>\t\t\t\t\t\t\t\t<\/div>\n\t\t\t\t<\/div>\n\t\t\t\t\t<\/div>\n\t\t\t\t<\/div>\n\t\t\t\t<\/div>\n\t\t\t\t<\/div>\n\t\t\t\t\t<\/div>\n\t\t\t\t<\/div>\n\t\t\t\t<\/div>\n\t\t\t\t<\/div>","protected":false},"excerpt":{"rendered":"<p>Qualifikationen Juliane W\u00f6lfer Seminare \/ Kompaktweiterbildungen 28.04. &#8211; 04.05.2024Agility bei Stephanie La Motte 16.07. &#8211; 23.07.2023Dogdance-Seminar bei Denise Nardelli 07.08. &#8211; 15.08.2022Dogdance-Seminar bei Denise Nardelli 10.04. &#8211; 17.04.2022JAD Dog mit Mica K\u00f6ppel im Hotel Wolf (Oberammergau) 03.04. &#8211; 09.04.2022Mantrailing mit Gabriele Trautmann im Hotel Wolf (Oberammergau) 08.08. &#8211; 15.08.2021Dogdance-Seminar bei Denise Nardelli 31.05. &#8211; 06.06.2020Trick- [&hellip;]<\/p>\n","protected":false},"author":2,"featured_media":0,"parent":0,"menu_order":0,"comment_status":"closed","ping_status":"closed","template":"","meta":{"site-sidebar-layout":"no-sidebar","site-content-layout":"page-builder","ast-site-content-layout":"full-width-container","site-content-style":"unboxed","site-sidebar-style":"unboxed","ast-global-header-display":"","ast-banner-title-visibility":"","ast-main-header-display":"","ast-hfb-above-header-display":"","ast-hfb-below-header-display":"","ast-hfb-mobile-header-display":"","site-post-title":"disabled","ast-breadcrumbs-content":"","ast-featured-img":"disabled","footer-sml-layout":"","ast-disable-related-posts":"","theme-transparent-header-meta":"","adv-header-id-meta":"","stick-header-meta":"","header-above-stick-meta":"","header-main-stick-meta":"","header-below-stick-meta":"","astra-migrate-meta-layouts":"set","ast-page-background-enabled":"default","ast-page-background-meta":{"desktop":{"background-color":"var(--ast-global-color-4)","background-image":"","background-repeat":"repeat","background-position":"center center","background-size":"auto","background-attachment":"scroll","background-type":"","background-media":"","overlay-type":"","overlay-color":"","overlay-opacity":"","overlay-gradient":""},"tablet":{"background-color":"","background-image":"","background-repeat":"repeat","background-position":"center center","background-size":"auto","background-attachment":"scroll","background-type":"","background-media":"","overlay-type":"","overlay-color":"","overlay-opacity":"","overlay-gradient":""},"mobile":{"background-color":"","background-image":"","background-repeat":"repeat","background-position":"center center","background-size":"auto","background-attachment":"scroll","background-type":"","background-media":"","overlay-type":"","overlay-color":"","overlay-opacity":"","overlay-gradient":""}},"ast-content-background-meta":{"desktop":{"background-color":"var(--ast-global-color-5)","background-image":"","background-repeat":"repeat","background-position":"center center","background-size":"auto","background-attachment":"scroll","background-type":"","background-media":"","overlay-type":"","overlay-color":"","overlay-opacity":"","overlay-gradient":""},"tablet":{"background-color":"var(--ast-global-color-5)","background-image":"","background-repeat":"repeat","background-position":"center center","background-size":"auto","background-attachment":"scroll","background-type":"","background-media":"","overlay-type":"","overlay-color":"","overlay-opacity":"","overlay-gradient":""},"mobile":{"background-color":"var(--ast-global-color-5)","background-image":"","background-repeat":"repeat","background-position":"center center","background-size":"auto","background-attachment":"scroll","background-type":"","background-media":"","overlay-type":"","overlay-color":"","overlay-opacity":"","overlay-gradient":""}},"footnotes":""},"class_list":["post-6281","page","type-page","status-publish","hentry"],"_links":{"self":[{"href":"https:\/\/campusdogs.de\/en\/wp-json\/wp\/v2\/pages\/6281","targetHints":{"allow":["GET"]}}],"collection":[{"href":"https:\/\/campusdogs.de\/en\/wp-json\/wp\/v2\/pages"}],"about":[{"href":"https:\/\/campusdogs.de\/en\/wp-json\/wp\/v2\/types\/page"}],"author":[{"embeddable":true,"href":"https:\/\/campusdogs.de\/en\/wp-json\/wp\/v2\/users\/2"}],"replies":[{"embeddable":true,"href":"https:\/\/campusdogs.de\/en\/wp-json\/wp\/v2\/comments?post=6281"}],"version-history":[{"count":0,"href":"https:\/\/campusdogs.de\/en\/wp-json\/wp\/v2\/pages\/6281\/revisions"}],"wp:attachment":[{"href":"https:\/\/campusdogs.de\/en\/wp-json\/wp\/v2\/media?parent=6281"}],"curies":[{"name":"wp","href":"https:\/\/api.w.org\/{rel}","templated":true}]}}