{"id":7007,"date":"2025-09-11T08:49:04","date_gmt":"2025-09-11T06:49:04","guid":{"rendered":"https:\/\/campusdogs.de\/?page_id=7007"},"modified":"2026-03-30T19:10:44","modified_gmt":"2026-03-30T17:10:44","slug":"onlinekurse","status":"publish","type":"page","link":"https:\/\/campusdogs.de\/en\/onlinekurse\/","title":{"rendered":"Onlinekurse"},"content":{"rendered":"<div data-elementor-type=\"wp-page\" data-elementor-id=\"7007\" class=\"elementor elementor-7007\" data-elementor-post-type=\"page\">\n\t\t\t\t<div class=\"elementor-element elementor-element-1a9b2387 e-con-full e-flex e-con e-parent\" data-id=\"1a9b2387\" data-element_type=\"container\" data-e-type=\"container\" data-settings=\"{&quot;background_background&quot;:&quot;classic&quot;}\">\n\t\t<div class=\"elementor-element elementor-element-3ba7af00 e-flex e-con-boxed e-con e-child\" data-id=\"3ba7af00\" data-element_type=\"container\" data-e-type=\"container\">\n\t\t\t\t\t<div class=\"e-con-inner\">\n\t\t<div class=\"elementor-element elementor-element-2a166e96 e-con-full e-flex e-con e-child\" data-id=\"2a166e96\" data-element_type=\"container\" data-e-type=\"container\">\n\t\t<div class=\"elementor-element elementor-element-51504bee e-con-full e-flex e-con e-child\" data-id=\"51504bee\" data-element_type=\"container\" data-e-type=\"container\">\n\t\t<div class=\"elementor-element elementor-element-30c13a1f e-flex e-con-boxed e-con e-child\" data-id=\"30c13a1f\" data-element_type=\"container\" data-e-type=\"container\">\n\t\t\t\t\t<div class=\"e-con-inner\">\n\t\t\t\t<div class=\"elementor-element elementor-element-41091f81 elementor-widget elementor-widget-heading\" data-id=\"41091f81\" data-element_type=\"widget\" data-e-type=\"widget\" data-widget_type=\"heading.default\">\n\t\t\t\t<div class=\"elementor-widget-container\">\n\t\t\t\t\t<h1 class=\"elementor-heading-title elementor-size-default\">Onlinekurse<\/h1>\t\t\t\t<\/div>\n\t\t\t\t<\/div>\n\t\t\t\t<div class=\"elementor-element elementor-element-3b282329 elementor-widget elementor-widget-heading\" data-id=\"3b282329\" data-element_type=\"widget\" data-e-type=\"widget\" data-widget_type=\"heading.default\">\n\t\t\t\t<div class=\"elementor-widget-container\">\n\t\t\t\t\t<p class=\"elementor-heading-title elementor-size-default\">Hochwertiges Onlinetraining f\u00fcr Hundemenschen <br \/>\ndie mehr wollen, als nur eine Schnellanleitung.\n<\/p>\t\t\t\t<\/div>\n\t\t\t\t<\/div>\n\t\t\t\t\t<\/div>\n\t\t\t\t<\/div>\n\t\t\t\t<\/div>\n\t\t\t\t<\/div>\n\t\t\t\t\t<\/div>\n\t\t\t\t<\/div>\n\t\t\t\t<\/div>\n\t\t<div class=\"elementor-element elementor-element-c8baf67 e-con-full e-flex e-con e-parent\" data-id=\"c8baf67\" data-element_type=\"container\" data-e-type=\"container\">\n\t\t<div class=\"elementor-element elementor-element-821d800 e-flex e-con-boxed e-con e-child\" data-id=\"821d800\" data-element_type=\"container\" data-e-type=\"container\">\n\t\t\t\t\t<div class=\"e-con-inner\">\n\t\t<div class=\"elementor-element elementor-element-7f0258f e-con-full e-flex e-con e-child\" data-id=\"7f0258f\" data-element_type=\"container\" data-e-type=\"container\">\n\t\t<div class=\"elementor-element elementor-element-06fc1cc e-con-full e-flex e-con e-child\" data-id=\"06fc1cc\" data-element_type=\"container\" data-e-type=\"container\">\n\t\t<div class=\"elementor-element elementor-element-1561987 e-flex e-con-boxed e-con e-child\" data-id=\"1561987\" data-element_type=\"container\" data-e-type=\"container\">\n\t\t\t\t\t<div class=\"e-con-inner\">\n\t\t\t\t<div class=\"elementor-element elementor-element-2553b79 elementor-widget elementor-widget-heading\" data-id=\"2553b79\" data-element_type=\"widget\" data-e-type=\"widget\" data-widget_type=\"heading.default\">\n\t\t\t\t<div class=\"elementor-widget-container\">\n\t\t\t\t\t<h2 class=\"elementor-heading-title elementor-size-default\">Onlinekurse<\/h2>\t\t\t\t<\/div>\n\t\t\t\t<\/div>\n\t\t\t\t<div class=\"elementor-element elementor-element-5d7eabb elementor-widget-divider--view-line elementor-widget elementor-widget-divider\" data-id=\"5d7eabb\" data-element_type=\"widget\" data-e-type=\"widget\" data-widget_type=\"divider.default\">\n\t\t\t\t<div class=\"elementor-widget-container\">\n\t\t\t\t\t\t\t<div class=\"elementor-divider\">\n\t\t\t<span class=\"elementor-divider-separator\">\n\t\t\t\t\t\t<\/span>\n\t\t<\/div>\n\t\t\t\t\t\t<\/div>\n\t\t\t\t<\/div>\n\t\t\t\t<div class=\"elementor-element elementor-element-6cd070c elementor-widget elementor-widget-text-editor\" data-id=\"6cd070c\" data-element_type=\"widget\" data-e-type=\"widget\" data-widget_type=\"text-editor.default\">\n\t\t\t\t<div class=\"elementor-widget-container\">\n\t\t\t\t\t\t\t\t\t<p>In diesem Bereich findest Du unsere Leistungen in digitaler Form. Ob Onlinekurse zu verschiedenen Themen rund um das Leben mit Hund oder auch H\u00f6rb\u00fccher (in Planung) &#8211; hier ist f\u00fcr jeden etwas dabei.<\/p><p>F\u00fcr unsere Stammkunden bieten die Onlinekurse und Theoriesammlungen eine optimale Erg\u00e4nzung zum Training bei Campus Dogs.<\/p>\t\t\t\t\t\t\t\t<\/div>\n\t\t\t\t<\/div>\n\t\t\t\t<div class=\"elementor-element elementor-element-f260fe7 elementor-widget elementor-widget-text-editor\" data-id=\"f260fe7\" data-element_type=\"widget\" data-e-type=\"widget\" data-widget_type=\"text-editor.default\">\n\t\t\t\t<div class=\"elementor-widget-container\">\n\t\t\t\t\t\t\t\t\t<p><strong>Hinweis: Der Bereich Onlinekurse und Co befindet sich im Aufbau und wird sich stetig weiter entwickeln. Es lohnt sich, regelm\u00e4\u00dfig vorbei zu schauen.<\/strong><\/p>\t\t\t\t\t\t\t\t<\/div>\n\t\t\t\t<\/div>\n\t\t\t\t\t<\/div>\n\t\t\t\t<\/div>\n\t\t\t\t<\/div>\n\t\t\t\t<\/div>\n\t\t\t\t\t<\/div>\n\t\t\t\t<\/div>\n\t\t\t\t<\/div>\n\t\t<div class=\"elementor-element elementor-element-fb8a971 e-flex e-con-boxed e-con e-parent\" data-id=\"fb8a971\" data-element_type=\"container\" data-e-type=\"container\" data-settings=\"{&quot;background_background&quot;:&quot;classic&quot;}\">\n\t\t\t\t\t<div class=\"e-con-inner\">\n\t\t\t\t<div class=\"elementor-element elementor-element-1c1bbb0 elementor-widget elementor-widget-ld-course-list\" data-id=\"1c1bbb0\" data-element_type=\"widget\" data-e-type=\"widget\" data-widget_type=\"ld-course-list.default\">\n\t\t\t\t<div class=\"elementor-widget-container\">\n\t\t\t\t\t<div id=\"ld_course_categorydropdown\"><form method=\"get\" action=\"\">\n\t\t\t\t\t<label for=\"ld_course_categorydropdown_select\">Course Categories<\/label>\n\t\t\t\t\t<select id=\"ld_course_categorydropdown_select\" name=\"course_catid\" onchange=\"jQuery('#ld_course_categorydropdown form').submit()\"><option value=\"\">Select Course Categories<\/option><option value='23' >Hundesport (1)<\/option><option value='20' >Trainingsaufbau &amp; Methoden (2)<\/option><\/select><input type='submit' style='display:none'><input type=\"hidden\" name=\"trp-form-language\" value=\"en\"\/><\/form><\/div><div id=\"ld-course-list-content-6a071365deaef0056d34b93b2e31201d\" class=\"ld-course-list-content\" data-shortcode-atts=\"{&quot;num&quot;:&quot;0&quot;,&quot;order&quot;:&quot;DESC&quot;,&quot;orderby&quot;:&quot;date&quot;,&quot;course_grid&quot;:&quot;true&quot;,&quot;progress_bar&quot;:&quot;true&quot;,&quot;col&quot;:&quot;4&quot;,&quot;course_categoryselector&quot;:&quot;true&quot;}\">\n\t\t\t<div class=\"ld-course-list-items row\">\n\t<!-- LearnDash Course Grid v1 --><div class=\"ld_course_grid col-sm-6 col-md-3\">\n\t<article id=\"post-8008\" class=\"thumbnail course post-8008 sfwd-courses type-sfwd-courses status-publish has-post-thumbnail hentry ld_course_category-hundesport ld_course_category-trainingsaufbau-und-methoden\">\n\t\t\t\t\t\t\t\t<div class=\"ribbon\">\n\t\t\t\t\u20ac39,99\t\t\t<\/div>\n\t\t\t\n\t\t\t\t\t\t<a\n\t\t\t\taria-hidden=\"true\"\n\t\t\t\thref=\"https:\/\/campusdogs.de\/en\/courses\/campus-dogs-targetbaukasten\/\"\n\t\t\t\ttabindex=\"-1\"\n\t\t\t>\n\t\t\t\t<img fetchpriority=\"high\" decoding=\"async\" width=\"640\" height=\"427\" src=\"https:\/\/campusdogs.de\/wp-content\/uploads\/2026\/04\/Hundetraining-mit-dem-Targetbaukasten-640x427.png\" class=\"attachment-medium size-medium wp-post-image\" alt=\"Campus Dogs &#8211; Targetbaukasten\" srcset=\"https:\/\/campusdogs.de\/wp-content\/uploads\/2026\/04\/Hundetraining-mit-dem-Targetbaukasten-640x427.png 640w, https:\/\/campusdogs.de\/wp-content\/uploads\/2026\/04\/Hundetraining-mit-dem-Targetbaukasten-960x640.png 960w, https:\/\/campusdogs.de\/wp-content\/uploads\/2026\/04\/Hundetraining-mit-dem-Targetbaukasten-768x512.png 768w, https:\/\/campusdogs.de\/wp-content\/uploads\/2026\/04\/Hundetraining-mit-dem-Targetbaukasten-18x12.png 18w, https:\/\/campusdogs.de\/wp-content\/uploads\/2026\/04\/Hundetraining-mit-dem-Targetbaukasten.png 1536w\" sizes=\"(max-width: 640px) 100vw, 640px\" \/>\t\t\t<\/a>\n\t\t\t\t\t\n\t\t\t\t\t<div class=\"caption\">\n\t\t\t\t<h3 class=\"entry-title\">Campus Dogs &#8211; Targetbaukasten<\/h3>\n\t\t\t\t\t\t\t\t<div class=\"entry-content\"><p>Lerne die wichtigsten Targets im Hundetraining kennen und baue sie Schritt f\u00fcr Schritt sauber auf.<\/p>\n<\/div>\n\t\t\t\t\t\t\t\t<div class=\"ld_course_grid_button\">\n\t\t\t\t\t<a\n\t\t\t\t\t\taria-label=\"Enroll Now: Campus Dogs &#8211; Targetbaukasten\"\n\t\t\t\t\t\tclass=\"btn btn-primary\"\n\t\t\t\t\t\thref=\"https:\/\/campusdogs.de\/en\/courses\/campus-dogs-targetbaukasten\/\"\n\t\t\t\t\t>\n\t\t\t\t\t\tEnroll Now\t\t\t\t\t<\/a>\n\t\t\t\t<\/div>\n\t\t\t\t\t\t\t\t\t\t\t\t\t\t\t\t\t\t\t\t\t\t\t\t\t\t\t<\/div><!-- .entry-header -->\n\t\t\t<\/article><!-- #post-## -->\n<\/div><!-- .ld_course_grid -->\n<!-- LearnDash Course Grid v1 --><div class=\"ld_course_grid col-sm-6 col-md-3\">\n\t<article id=\"post-7715\" class=\"thumbnail course post-7715 sfwd-courses type-sfwd-courses status-publish has-post-thumbnail hentry ld_course_category-trainingsaufbau-und-methoden\">\n\t\t\t\t\t\t\t\t<div class=\"ribbon\">\n\t\t\t\t\u20ac49,00\t\t\t<\/div>\n\t\t\t\n\t\t\t\t\t\t<a\n\t\t\t\taria-hidden=\"true\"\n\t\t\t\thref=\"https:\/\/campusdogs.de\/en\/courses\/campus-dogs-toolbox\/\"\n\t\t\t\ttabindex=\"-1\"\n\t\t\t>\n\t\t\t\t<img decoding=\"async\" width=\"640\" height=\"400\" src=\"https:\/\/campusdogs.de\/wp-content\/uploads\/2026\/01\/Kursbild_Toolbox.png\" class=\"attachment-medium size-medium wp-post-image\" alt=\"Campus Dogs Toolbox\" \/>\t\t\t<\/a>\n\t\t\t\t\t\n\t\t\t\t\t<div class=\"caption\">\n\t\t\t\t<h3 class=\"entry-title\">Campus Dogs Toolbox<\/h3>\n\t\t\t\t\t\t\t\t<div class=\"entry-content\"><p>Mit der Campus Dogs Toolbox bekommt man die wichtigsten Werkzeuge f\u00fcr ein qualitatives Hundetraining.<\/p>\n<\/div>\n\t\t\t\t\t\t\t\t<div class=\"ld_course_grid_button\">\n\t\t\t\t\t<a\n\t\t\t\t\t\taria-label=\"Enroll Now: Campus Dogs Toolbox\"\n\t\t\t\t\t\tclass=\"btn btn-primary\"\n\t\t\t\t\t\thref=\"https:\/\/campusdogs.de\/en\/courses\/campus-dogs-toolbox\/\"\n\t\t\t\t\t>\n\t\t\t\t\t\tEnroll Now\t\t\t\t\t<\/a>\n\t\t\t\t<\/div>\n\t\t\t\t\t\t\t\t\t\t\t\t\t\t\t\t\t\t\t\t\t\t\t\t\t\t\t<\/div><!-- .entry-header -->\n\t\t\t<\/article><!-- #post-## -->\n<\/div><!-- .ld_course_grid -->\n\t<\/div>\n\t\t\t<\/div>\n\t\t\t\t\t\t<\/div>\n\t\t\t\t<\/div>\n\t\t\t\t\t<\/div>\n\t\t\t\t<\/div>\n\t\t\t\t<\/div>","protected":false},"excerpt":{"rendered":"<p>Onlinekurse Hochwertiges Onlinetraining f\u00fcr Hundemenschen die mehr wollen, als nur eine Schnellanleitung. Onlinekurse In diesem Bereich findest Du unsere Leistungen in digitaler Form. Ob Onlinekurse zu verschiedenen Themen rund um das Leben mit Hund oder auch H\u00f6rb\u00fccher (in Planung) &#8211; hier ist f\u00fcr jeden etwas dabei. F\u00fcr unsere Stammkunden bieten die Onlinekurse und Theoriesammlungen eine [&hellip;]<\/p>\n","protected":false},"author":2,"featured_media":0,"parent":0,"menu_order":0,"comment_status":"closed","ping_status":"closed","template":"","meta":{"site-sidebar-layout":"no-sidebar","site-content-layout":"page-builder","ast-site-content-layout":"full-width-container","site-content-style":"default","site-sidebar-style":"default","ast-global-header-display":"","ast-banner-title-visibility":"","ast-main-header-display":"","ast-hfb-above-header-display":"","ast-hfb-below-header-display":"","ast-hfb-mobile-header-display":"","site-post-title":"","ast-breadcrumbs-content":"","ast-featured-img":"disabled","footer-sml-layout":"","ast-disable-related-posts":"","theme-transparent-header-meta":"","adv-header-id-meta":"","stick-header-meta":"","header-above-stick-meta":"","header-main-stick-meta":"","header-below-stick-meta":"","astra-migrate-meta-layouts":"set","ast-page-background-enabled":"default","ast-page-background-meta":{"desktop":{"background-color":"var(--ast-global-color-4)","background-image":"","background-repeat":"repeat","background-position":"center center","background-size":"auto","background-attachment":"scroll","background-type":"","background-media":"","overlay-type":"","overlay-color":"","overlay-opacity":"","overlay-gradient":""},"tablet":{"background-color":"","background-image":"","background-repeat":"repeat","background-position":"center center","background-size":"auto","background-attachment":"scroll","background-type":"","background-media":"","overlay-type":"","overlay-color":"","overlay-opacity":"","overlay-gradient":""},"mobile":{"background-color":"","background-image":"","background-repeat":"repeat","background-position":"center center","background-size":"auto","background-attachment":"scroll","background-type":"","background-media":"","overlay-type":"","overlay-color":"","overlay-opacity":"","overlay-gradient":""}},"ast-content-background-meta":{"desktop":{"background-color":"var(--ast-global-color-5)","background-image":"","background-repeat":"repeat","background-position":"center center","background-size":"auto","background-attachment":"scroll","background-type":"","background-media":"","overlay-type":"","overlay-color":"","overlay-opacity":"","overlay-gradient":""},"tablet":{"background-color":"var(--ast-global-color-5)","background-image":"","background-repeat":"repeat","background-position":"center center","background-size":"auto","background-attachment":"scroll","background-type":"","background-media":"","overlay-type":"","overlay-color":"","overlay-opacity":"","overlay-gradient":""},"mobile":{"background-color":"var(--ast-global-color-5)","background-image":"","background-repeat":"repeat","background-position":"center center","background-size":"auto","background-attachment":"scroll","background-type":"","background-media":"","overlay-type":"","overlay-color":"","overlay-opacity":"","overlay-gradient":""}},"footnotes":""},"class_list":["post-7007","page","type-page","status-publish","hentry"],"_links":{"self":[{"href":"https:\/\/campusdogs.de\/en\/wp-json\/wp\/v2\/pages\/7007","targetHints":{"allow":["GET"]}}],"collection":[{"href":"https:\/\/campusdogs.de\/en\/wp-json\/wp\/v2\/pages"}],"about":[{"href":"https:\/\/campusdogs.de\/en\/wp-json\/wp\/v2\/types\/page"}],"author":[{"embeddable":true,"href":"https:\/\/campusdogs.de\/en\/wp-json\/wp\/v2\/users\/2"}],"replies":[{"embeddable":true,"href":"https:\/\/campusdogs.de\/en\/wp-json\/wp\/v2\/comments?post=7007"}],"version-history":[{"count":30,"href":"https:\/\/campusdogs.de\/en\/wp-json\/wp\/v2\/pages\/7007\/revisions"}],"predecessor-version":[{"id":8006,"href":"https:\/\/campusdogs.de\/en\/wp-json\/wp\/v2\/pages\/7007\/revisions\/8006"}],"wp:attachment":[{"href":"https:\/\/campusdogs.de\/en\/wp-json\/wp\/v2\/media?parent=7007"}],"curies":[{"name":"wp","href":"https:\/\/api.w.org\/{rel}","templated":true}]}}