{"id":7330,"date":"2026-01-12T12:06:27","date_gmt":"2026-01-12T11:06:27","guid":{"rendered":"https:\/\/campusdogs.de\/?page_id=7330"},"modified":"2026-03-05T12:46:21","modified_gmt":"2026-03-05T11:46:21","slug":"schoener-wohnen-2","status":"publish","type":"page","link":"https:\/\/campusdogs.de\/en\/schoener-wohnen-2\/","title":{"rendered":"Sch\u00f6ner Wohnen"},"content":{"rendered":"<div data-elementor-type=\"wp-page\" data-elementor-id=\"7330\" class=\"elementor elementor-7330\" data-elementor-post-type=\"page\">\n\t\t\t\t<div class=\"elementor-element elementor-element-11ebc50 e-con-full e-flex e-con e-parent\" data-id=\"11ebc50\" data-element_type=\"container\" data-e-type=\"container\" data-settings=\"{&quot;background_background&quot;:&quot;classic&quot;}\">\n\t\t<div class=\"elementor-element elementor-element-5bc82fe e-flex e-con-boxed e-con e-child\" data-id=\"5bc82fe\" data-element_type=\"container\" data-e-type=\"container\">\n\t\t\t\t\t<div class=\"e-con-inner\">\n\t\t<div class=\"elementor-element elementor-element-c816f0b e-con-full e-flex e-con e-child\" data-id=\"c816f0b\" data-element_type=\"container\" data-e-type=\"container\">\n\t\t<div class=\"elementor-element elementor-element-87d6c4d e-con-full e-flex e-con e-child\" data-id=\"87d6c4d\" data-element_type=\"container\" data-e-type=\"container\">\n\t\t<div class=\"elementor-element elementor-element-61a1fb1 e-flex e-con-boxed e-con e-child\" data-id=\"61a1fb1\" data-element_type=\"container\" data-e-type=\"container\">\n\t\t\t\t\t<div class=\"e-con-inner\">\n\t\t\t\t<div class=\"elementor-element elementor-element-ac96ce9 elementor-widget elementor-widget-heading\" data-id=\"ac96ce9\" data-element_type=\"widget\" data-e-type=\"widget\" data-widget_type=\"heading.default\">\n\t\t\t\t<div class=\"elementor-widget-container\">\n\t\t\t\t\t<h1 class=\"elementor-heading-title elementor-size-default\">Sch\u00f6ner Wohnen mit Hund<\/h1>\t\t\t\t<\/div>\n\t\t\t\t<\/div>\n\t\t\t\t<div class=\"elementor-element elementor-element-e30e193 elementor-widget elementor-widget-heading\" data-id=\"e30e193\" data-element_type=\"widget\" data-e-type=\"widget\" data-widget_type=\"heading.default\">\n\t\t\t\t<div class=\"elementor-widget-container\">\n\t\t\t\t\t<p class=\"elementor-heading-title elementor-size-default\">Praktische und stilvolle Helfer f\u00fcr ein hundetaugliches Zuhause.<\/p>\t\t\t\t<\/div>\n\t\t\t\t<\/div>\n\t\t\t\t\t<\/div>\n\t\t\t\t<\/div>\n\t\t\t\t<\/div>\n\t\t\t\t<\/div>\n\t\t\t\t\t<\/div>\n\t\t\t\t<\/div>\n\t\t\t\t<\/div>\n\t\t<div class=\"elementor-element elementor-element-fd4ced8 e-con-full e-flex e-con e-parent\" data-id=\"fd4ced8\" data-element_type=\"container\" data-e-type=\"container\">\n\t\t<div class=\"elementor-element elementor-element-c76fdd8 e-flex e-con-boxed e-con e-child\" data-id=\"c76fdd8\" data-element_type=\"container\" data-e-type=\"container\">\n\t\t\t\t\t<div class=\"e-con-inner\">\n\t\t<div class=\"elementor-element elementor-element-966ec59 e-con-full e-flex e-con e-child\" data-id=\"966ec59\" data-element_type=\"container\" data-e-type=\"container\">\n\t\t<div class=\"elementor-element elementor-element-fcfbde7 e-con-full e-flex e-con e-child\" data-id=\"fcfbde7\" data-element_type=\"container\" data-e-type=\"container\">\n\t\t<div class=\"elementor-element elementor-element-948c9fd e-flex e-con-boxed e-con e-child\" data-id=\"948c9fd\" data-element_type=\"container\" data-e-type=\"container\">\n\t\t\t\t\t<div class=\"e-con-inner\">\n\t\t\t\t<div class=\"elementor-element elementor-element-c52d128 elementor-widget elementor-widget-heading\" data-id=\"c52d128\" data-element_type=\"widget\" data-e-type=\"widget\" data-widget_type=\"heading.default\">\n\t\t\t\t<div class=\"elementor-widget-container\">\n\t\t\t\t\t<h2 class=\"elementor-heading-title elementor-size-default\">Shopping-Tipps empfohlen von Campus Dogs<\/h2>\t\t\t\t<\/div>\n\t\t\t\t<\/div>\n\t\t\t\t<div class=\"elementor-element elementor-element-cf194cf elementor-widget-divider--view-line elementor-widget elementor-widget-divider\" data-id=\"cf194cf\" data-element_type=\"widget\" data-e-type=\"widget\" data-widget_type=\"divider.default\">\n\t\t\t\t<div class=\"elementor-widget-container\">\n\t\t\t\t\t\t\t<div class=\"elementor-divider\">\n\t\t\t<span class=\"elementor-divider-separator\">\n\t\t\t\t\t\t<\/span>\n\t\t<\/div>\n\t\t\t\t\t\t<\/div>\n\t\t\t\t<\/div>\n\t\t\t\t\t<\/div>\n\t\t\t\t<\/div>\n\t\t\t\t<\/div>\n\t\t\t\t<\/div>\n\t\t\t\t\t<\/div>\n\t\t\t\t<\/div>\n\t\t<div class=\"elementor-element elementor-element-fcd32a0 e-con-full e-flex e-con e-child\" data-id=\"fcd32a0\" data-element_type=\"container\" data-e-type=\"container\">\n\t\t<div class=\"elementor-element elementor-element-339127f e-flex e-con-boxed e-con e-child\" data-id=\"339127f\" data-element_type=\"container\" data-e-type=\"container\">\n\t\t\t\t\t<div class=\"e-con-inner\">\n\t\t<div class=\"elementor-element elementor-element-3bf62ac e-con-full e-flex e-con e-child\" data-id=\"3bf62ac\" data-element_type=\"container\" data-e-type=\"container\">\n\t\t<div class=\"elementor-element elementor-element-01fa5df e-con-full e-flex e-con e-child\" data-id=\"01fa5df\" data-element_type=\"container\" data-e-type=\"container\">\n\t\t<div class=\"elementor-element elementor-element-60552f7 e-flex e-con-boxed e-con e-child\" data-id=\"60552f7\" data-element_type=\"container\" data-e-type=\"container\">\n\t\t\t\t\t<div class=\"e-con-inner\">\n\t\t\t\t<div class=\"elementor-element elementor-element-609fffe elementor-widget elementor-widget-text-editor\" data-id=\"609fffe\" data-element_type=\"widget\" data-e-type=\"widget\" data-widget_type=\"text-editor.default\">\n\t\t\t\t<div class=\"elementor-widget-container\">\n\t\t\t\t\t\t\t\t\t<ul><li>Mega <a href=\"https:\/\/amzn.to\/4boaAvv\" target=\"_blank\" rel=\"noopener\">cooler Sensor-M\u00fclleimer<\/a> &#8211; ich liebe ihn und habe gleich zwei!<\/li><li><a href=\"https:\/\/amzn.to\/4uc72nD\" target=\"_blank\" rel=\"noopener\">Schublade<\/a> zum Nachr\u00fcsten f\u00fcr Schr\u00e4nke &#8211; sehr praktisch!<\/li><li><a href=\"https:\/\/amzn.to\/4uc4mWW\" target=\"_blank\" rel=\"noopener\">Anti-Rutsch-Stufenschoner<\/a> f\u00fcr Treppe &#8211; klebt auf meiner Wohnungstreppe und ist absolut zu empfehlen. Au\u00dferdem optisch sehr unauff\u00e4llig.<\/li><li><a href=\"https:\/\/amzn.to\/4aQ9N6x\" target=\"_blank\" rel=\"noopener\">praktische und dekorative Hundebox<\/a> f\u00fcr die Wohnung im M\u00f6beldesign<\/li><li><a href=\"https:\/\/amzn.to\/40wuIWp\" target=\"_blank\" rel=\"noopener\">Orthop\u00e4disches Hundekissen<\/a> passend zur M\u00f6belbox<\/li><li><a href=\"https:\/\/amzn.to\/4rdexYG\" target=\"_blank\" rel=\"noopener\">Orthop\u00e4disches Hundek\u00f6rbchen<\/a>, Bezug waschbar<\/li><li><a href=\"https:\/\/amzn.to\/40wuPkN\" target=\"_blank\" rel=\"noopener\">Orthop\u00e4disches Hundebett<\/a><\/li><li><a href=\"https:\/\/amzn.to\/3ORqC8z\" target=\"_blank\" rel=\"noopener\">Trenngitter aus Holz<\/a> f\u00fcr die Wohnung<\/li><li>Wundersch\u00f6ne <a href=\"https:\/\/amzn.to\/46EmnmR\" target=\"_blank\" rel=\"noopener\">Herbstdeko<\/a><\/li><\/ul>\t\t\t\t\t\t\t\t<\/div>\n\t\t\t\t<\/div>\n\t\t\t\t\t<\/div>\n\t\t\t\t<\/div>\n\t\t\t\t<\/div>\n\t\t<div class=\"elementor-element elementor-element-c2b6ca2 e-con-full e-flex e-con e-child\" data-id=\"c2b6ca2\" data-element_type=\"container\" data-e-type=\"container\">\n\t\t<div class=\"elementor-element elementor-element-7412a5f e-flex e-con-boxed e-con e-child\" data-id=\"7412a5f\" data-element_type=\"container\" data-e-type=\"container\">\n\t\t\t\t\t<div class=\"e-con-inner\">\n\t\t\t\t<div class=\"elementor-element elementor-element-c593b3c elementor-widget elementor-widget-image\" data-id=\"c593b3c\" data-element_type=\"widget\" data-e-type=\"widget\" data-widget_type=\"image.default\">\n\t\t\t\t<div class=\"elementor-widget-container\">\n\t\t\t\t\t\t\t\t\t\t\t\t\t\t\t<img fetchpriority=\"high\" decoding=\"async\" width=\"960\" height=\"639\" src=\"https:\/\/campusdogs.de\/wp-content\/uploads\/2026\/01\/schoener-wohnen-1-960x639.jpg\" class=\"attachment-large size-large wp-image-7305\" alt=\"\" srcset=\"https:\/\/campusdogs.de\/wp-content\/uploads\/2026\/01\/schoener-wohnen-1-960x639.jpg 960w, https:\/\/campusdogs.de\/wp-content\/uploads\/2026\/01\/schoener-wohnen-1-640x426.jpg 640w, https:\/\/campusdogs.de\/wp-content\/uploads\/2026\/01\/schoener-wohnen-1-768x511.jpg 768w, https:\/\/campusdogs.de\/wp-content\/uploads\/2026\/01\/schoener-wohnen-1.jpg 1000w\" sizes=\"(max-width: 960px) 100vw, 960px\" \/>\t\t\t\t\t\t\t\t\t\t\t\t\t\t\t<\/div>\n\t\t\t\t<\/div>\n\t\t\t\t\t<\/div>\n\t\t\t\t<\/div>\n\t\t\t\t<\/div>\n\t\t\t\t<\/div>\n\t\t\t\t\t<\/div>\n\t\t\t\t<\/div>\n\t\t\t\t<\/div>\n\t\t\t\t<\/div>\n\t\t<div class=\"elementor-element elementor-element-50934c7 e-flex e-con-boxed e-con e-parent\" data-id=\"50934c7\" data-element_type=\"container\" data-e-type=\"container\">\n\t\t\t\t\t<div class=\"e-con-inner\">\n\t\t\t\t<div class=\"elementor-element elementor-element-b68f717 elementor-widget elementor-widget-button\" data-id=\"b68f717\" data-element_type=\"widget\" data-e-type=\"widget\" data-widget_type=\"button.default\">\n\t\t\t\t<div class=\"elementor-widget-container\">\n\t\t\t\t\t\t\t\t\t<div class=\"elementor-button-wrapper\">\n\t\t\t\t\t<a class=\"elementor-button elementor-button-link elementor-size-sm\" href=\"\/en\/campus-dogs-empfiehlt\/\">\n\t\t\t\t\t\t<span class=\"elementor-button-content-wrapper\">\n\t\t\t\t\t\t\t\t\t<span class=\"elementor-button-text\">zur\u00fcck zur \u00dcbersicht<\/span>\n\t\t\t\t\t<\/span>\n\t\t\t\t\t<\/a>\n\t\t\t\t<\/div>\n\t\t\t\t\t\t\t\t<\/div>\n\t\t\t\t<\/div>\n\t\t\t\t\t<\/div>\n\t\t\t\t<\/div>\n\t\t\t\t<\/div>","protected":false},"excerpt":{"rendered":"<p>Sch\u00f6ner Wohnen mit Hund Praktische und stilvolle Helfer f\u00fcr ein hundetaugliches Zuhause. Shopping-Tipps empfohlen von Campus Dogs Mega cooler Sensor-M\u00fclleimer &#8211; ich liebe ihn und habe gleich zwei! Schublade zum Nachr\u00fcsten f\u00fcr Schr\u00e4nke &#8211; sehr praktisch! Anti-Rutsch-Stufenschoner f\u00fcr Treppe &#8211; klebt auf meiner Wohnungstreppe und ist absolut zu empfehlen. Au\u00dferdem optisch sehr unauff\u00e4llig. praktische und [&hellip;]<\/p>\n","protected":false},"author":2,"featured_media":0,"parent":0,"menu_order":0,"comment_status":"closed","ping_status":"closed","template":"","meta":{"site-sidebar-layout":"no-sidebar","site-content-layout":"page-builder","ast-site-content-layout":"full-width-container","site-content-style":"default","site-sidebar-style":"default","ast-global-header-display":"","ast-banner-title-visibility":"","ast-main-header-display":"","ast-hfb-above-header-display":"","ast-hfb-below-header-display":"","ast-hfb-mobile-header-display":"","site-post-title":"","ast-breadcrumbs-content":"","ast-featured-img":"disabled","footer-sml-layout":"","ast-disable-related-posts":"","theme-transparent-header-meta":"","adv-header-id-meta":"","stick-header-meta":"","header-above-stick-meta":"","header-main-stick-meta":"","header-below-stick-meta":"","astra-migrate-meta-layouts":"set","ast-page-background-enabled":"default","ast-page-background-meta":{"desktop":{"background-color":"var(--ast-global-color-4)","background-image":"","background-repeat":"repeat","background-position":"center center","background-size":"auto","background-attachment":"scroll","background-type":"","background-media":"","overlay-type":"","overlay-color":"","overlay-opacity":"","overlay-gradient":""},"tablet":{"background-color":"","background-image":"","background-repeat":"repeat","background-position":"center center","background-size":"auto","background-attachment":"scroll","background-type":"","background-media":"","overlay-type":"","overlay-color":"","overlay-opacity":"","overlay-gradient":""},"mobile":{"background-color":"","background-image":"","background-repeat":"repeat","background-position":"center center","background-size":"auto","background-attachment":"scroll","background-type":"","background-media":"","overlay-type":"","overlay-color":"","overlay-opacity":"","overlay-gradient":""}},"ast-content-background-meta":{"desktop":{"background-color":"var(--ast-global-color-5)","background-image":"","background-repeat":"repeat","background-position":"center center","background-size":"auto","background-attachment":"scroll","background-type":"","background-media":"","overlay-type":"","overlay-color":"","overlay-opacity":"","overlay-gradient":""},"tablet":{"background-color":"var(--ast-global-color-5)","background-image":"","background-repeat":"repeat","background-position":"center center","background-size":"auto","background-attachment":"scroll","background-type":"","background-media":"","overlay-type":"","overlay-color":"","overlay-opacity":"","overlay-gradient":""},"mobile":{"background-color":"var(--ast-global-color-5)","background-image":"","background-repeat":"repeat","background-position":"center center","background-size":"auto","background-attachment":"scroll","background-type":"","background-media":"","overlay-type":"","overlay-color":"","overlay-opacity":"","overlay-gradient":""}},"footnotes":""},"class_list":["post-7330","page","type-page","status-publish","hentry"],"_links":{"self":[{"href":"https:\/\/campusdogs.de\/en\/wp-json\/wp\/v2\/pages\/7330","targetHints":{"allow":["GET"]}}],"collection":[{"href":"https:\/\/campusdogs.de\/en\/wp-json\/wp\/v2\/pages"}],"about":[{"href":"https:\/\/campusdogs.de\/en\/wp-json\/wp\/v2\/types\/page"}],"author":[{"embeddable":true,"href":"https:\/\/campusdogs.de\/en\/wp-json\/wp\/v2\/users\/2"}],"replies":[{"embeddable":true,"href":"https:\/\/campusdogs.de\/en\/wp-json\/wp\/v2\/comments?post=7330"}],"version-history":[{"count":19,"href":"https:\/\/campusdogs.de\/en\/wp-json\/wp\/v2\/pages\/7330\/revisions"}],"predecessor-version":[{"id":7915,"href":"https:\/\/campusdogs.de\/en\/wp-json\/wp\/v2\/pages\/7330\/revisions\/7915"}],"wp:attachment":[{"href":"https:\/\/campusdogs.de\/en\/wp-json\/wp\/v2\/media?parent=7330"}],"curies":[{"name":"wp","href":"https:\/\/api.w.org\/{rel}","templated":true}]}}