{"id":7370,"date":"2026-01-12T12:51:35","date_gmt":"2026-01-12T11:51:35","guid":{"rendered":"https:\/\/campusdogs.de\/?page_id=7370"},"modified":"2026-03-05T11:34:05","modified_gmt":"2026-03-05T10:34:05","slug":"wintertools","status":"publish","type":"page","link":"https:\/\/campusdogs.de\/en\/wintertools\/","title":{"rendered":"Wintertools"},"content":{"rendered":"<div data-elementor-type=\"wp-page\" data-elementor-id=\"7370\" class=\"elementor elementor-7370\" data-elementor-post-type=\"page\">\n\t\t\t\t<div class=\"elementor-element elementor-element-6b9bacd1 e-con-full e-flex e-con e-parent\" data-id=\"6b9bacd1\" data-element_type=\"container\" data-e-type=\"container\" data-settings=\"{&quot;background_background&quot;:&quot;classic&quot;}\">\n\t\t<div class=\"elementor-element elementor-element-53e2935b e-flex e-con-boxed e-con e-child\" data-id=\"53e2935b\" data-element_type=\"container\" data-e-type=\"container\">\n\t\t\t\t\t<div class=\"e-con-inner\">\n\t\t<div class=\"elementor-element elementor-element-1c3c6654 e-con-full e-flex e-con e-child\" data-id=\"1c3c6654\" data-element_type=\"container\" data-e-type=\"container\">\n\t\t<div class=\"elementor-element elementor-element-6a64f88d e-con-full e-flex e-con e-child\" data-id=\"6a64f88d\" data-element_type=\"container\" data-e-type=\"container\">\n\t\t<div class=\"elementor-element elementor-element-3b3697b2 e-flex e-con-boxed e-con e-child\" data-id=\"3b3697b2\" data-element_type=\"container\" data-e-type=\"container\">\n\t\t\t\t\t<div class=\"e-con-inner\">\n\t\t\t\t<div class=\"elementor-element elementor-element-3234e70a elementor-widget elementor-widget-heading\" data-id=\"3234e70a\" data-element_type=\"widget\" data-e-type=\"widget\" data-widget_type=\"heading.default\">\n\t\t\t\t<div class=\"elementor-widget-container\">\n\t\t\t\t\t<h1 class=\"elementor-heading-title elementor-size-default\">Wintertools<\/h1>\t\t\t\t<\/div>\n\t\t\t\t<\/div>\n\t\t\t\t<div class=\"elementor-element elementor-element-14282b62 elementor-widget elementor-widget-heading\" data-id=\"14282b62\" data-element_type=\"widget\" data-e-type=\"widget\" data-widget_type=\"heading.default\">\n\t\t\t\t<div class=\"elementor-widget-container\">\n\t\t\t\t\t<p class=\"elementor-heading-title elementor-size-default\">Sicher, sichtbar und komfortabel durch den Winter.<\/p>\t\t\t\t<\/div>\n\t\t\t\t<\/div>\n\t\t\t\t\t<\/div>\n\t\t\t\t<\/div>\n\t\t\t\t<\/div>\n\t\t\t\t<\/div>\n\t\t\t\t\t<\/div>\n\t\t\t\t<\/div>\n\t\t\t\t<\/div>\n\t\t<div class=\"elementor-element elementor-element-8052e8f e-con-full e-flex e-con e-parent\" data-id=\"8052e8f\" data-element_type=\"container\" data-e-type=\"container\">\n\t\t<div class=\"elementor-element elementor-element-7497884 e-flex e-con-boxed e-con e-child\" data-id=\"7497884\" data-element_type=\"container\" data-e-type=\"container\">\n\t\t\t\t\t<div class=\"e-con-inner\">\n\t\t<div class=\"elementor-element elementor-element-76f378c e-con-full e-flex e-con e-child\" data-id=\"76f378c\" data-element_type=\"container\" data-e-type=\"container\">\n\t\t<div class=\"elementor-element elementor-element-26c37d2 e-con-full e-flex e-con e-child\" data-id=\"26c37d2\" data-element_type=\"container\" data-e-type=\"container\">\n\t\t<div class=\"elementor-element elementor-element-48d6af2 e-flex e-con-boxed e-con e-child\" data-id=\"48d6af2\" data-element_type=\"container\" data-e-type=\"container\">\n\t\t\t\t\t<div class=\"e-con-inner\">\n\t\t\t\t<div class=\"elementor-element elementor-element-fc56606 elementor-widget elementor-widget-heading\" data-id=\"fc56606\" data-element_type=\"widget\" data-e-type=\"widget\" data-widget_type=\"heading.default\">\n\t\t\t\t<div class=\"elementor-widget-container\">\n\t\t\t\t\t<h2 class=\"elementor-heading-title elementor-size-default\">Shopping-Tipps empfohlen von Campus Dogs<\/h2>\t\t\t\t<\/div>\n\t\t\t\t<\/div>\n\t\t\t\t<div class=\"elementor-element elementor-element-23d4844 elementor-widget-divider--view-line elementor-widget elementor-widget-divider\" data-id=\"23d4844\" data-element_type=\"widget\" data-e-type=\"widget\" data-widget_type=\"divider.default\">\n\t\t\t\t<div class=\"elementor-widget-container\">\n\t\t\t\t\t\t\t<div class=\"elementor-divider\">\n\t\t\t<span class=\"elementor-divider-separator\">\n\t\t\t\t\t\t<\/span>\n\t\t<\/div>\n\t\t\t\t\t\t<\/div>\n\t\t\t\t<\/div>\n\t\t\t\t\t<\/div>\n\t\t\t\t<\/div>\n\t\t\t\t<\/div>\n\t\t\t\t<\/div>\n\t\t\t\t\t<\/div>\n\t\t\t\t<\/div>\n\t\t\t\t<\/div>\n\t\t<div class=\"elementor-element elementor-element-b5ef7f9 e-con-full e-flex e-con e-parent\" data-id=\"b5ef7f9\" data-element_type=\"container\" data-e-type=\"container\" data-settings=\"{&quot;background_background&quot;:&quot;classic&quot;}\">\n\t\t<div class=\"elementor-element elementor-element-15110270 e-flex e-con-boxed e-con e-child\" data-id=\"15110270\" data-element_type=\"container\" data-e-type=\"container\">\n\t\t\t\t\t<div class=\"e-con-inner\">\n\t\t<div class=\"elementor-element elementor-element-6ba96a73 e-con-full e-flex e-con e-child\" data-id=\"6ba96a73\" data-element_type=\"container\" data-e-type=\"container\">\n\t\t<div class=\"elementor-element elementor-element-19f797a5 e-con-full e-flex e-con e-child\" data-id=\"19f797a5\" data-element_type=\"container\" data-e-type=\"container\">\n\t\t<div class=\"elementor-element elementor-element-7b520222 e-flex e-con-boxed e-con e-child\" data-id=\"7b520222\" data-element_type=\"container\" data-e-type=\"container\">\n\t\t\t\t\t<div class=\"e-con-inner\">\n\t\t\t\t<div class=\"elementor-element elementor-element-49efedb7 elementor-widget elementor-widget-text-editor\" data-id=\"49efedb7\" data-element_type=\"widget\" data-e-type=\"widget\" data-widget_type=\"text-editor.default\">\n\t\t\t\t<div class=\"elementor-widget-container\">\n\t\t\t\t\t\t\t\t\t<ul><li><a href=\"https:\/\/amzn.to\/4k34wLQ\" target=\"_blank\" rel=\"noopener\">Stirnlampe<\/a> LED mit Wischgeste steuerbar. Ein unverzichtbarer Helfer f\u00fcr Gassig\u00e4nge in der dunklen Jahreszeit.<\/li><li><a href=\"https:\/\/amzn.to\/3LT6Qbu\" target=\"_blank\" rel=\"noopener\">Heizweste<\/a> mit Powerbank f\u00fcr den Zweibeiner<\/li><li><a href=\"https:\/\/amzn.to\/4bkcGxc\" target=\"_blank\" rel=\"noopener\">Nachtfahrbrille<\/a> f\u00fcr den Zweibeiner &#8211; nie wieder geblendet sein!<\/li><li>verstellbares <a href=\"https:\/\/amzn.to\/4qFELUb\" target=\"_blank\" rel=\"noopener\">Leuchthalsband<\/a> f\u00fcr Hunde<\/li><li><a href=\"https:\/\/amzn.to\/45s5JGv\" target=\"_blank\" rel=\"noopener\">selbstw\u00e4rmende Hundedecke<\/a> &#8211; von Pearl pers\u00f6nlich getestet und f\u00fcr gut befunden.\u00a0<\/li><\/ul>\t\t\t\t\t\t\t\t<\/div>\n\t\t\t\t<\/div>\n\t\t\t\t\t<\/div>\n\t\t\t\t<\/div>\n\t\t\t\t<\/div>\n\t\t<div class=\"elementor-element elementor-element-64ca64e e-con-full e-flex e-con e-child\" data-id=\"64ca64e\" data-element_type=\"container\" data-e-type=\"container\">\n\t\t<div class=\"elementor-element elementor-element-4e5687d9 e-flex e-con-boxed e-con e-child\" data-id=\"4e5687d9\" data-element_type=\"container\" data-e-type=\"container\">\n\t\t\t\t\t<div class=\"e-con-inner\">\n\t\t\t\t<div class=\"elementor-element elementor-element-6f25e54b elementor-widget elementor-widget-image\" data-id=\"6f25e54b\" data-element_type=\"widget\" data-e-type=\"widget\" data-widget_type=\"image.default\">\n\t\t\t\t<div class=\"elementor-widget-container\">\n\t\t\t\t\t\t\t\t\t\t\t\t\t\t\t<img fetchpriority=\"high\" decoding=\"async\" width=\"960\" height=\"639\" src=\"https:\/\/campusdogs.de\/wp-content\/uploads\/2026\/01\/wintertools-960x639.jpg\" class=\"attachment-large size-large wp-image-7308\" alt=\"\" srcset=\"https:\/\/campusdogs.de\/wp-content\/uploads\/2026\/01\/wintertools-960x639.jpg 960w, https:\/\/campusdogs.de\/wp-content\/uploads\/2026\/01\/wintertools-640x426.jpg 640w, https:\/\/campusdogs.de\/wp-content\/uploads\/2026\/01\/wintertools-768x511.jpg 768w, https:\/\/campusdogs.de\/wp-content\/uploads\/2026\/01\/wintertools.jpg 1000w\" sizes=\"(max-width: 960px) 100vw, 960px\" \/>\t\t\t\t\t\t\t\t\t\t\t\t\t\t\t<\/div>\n\t\t\t\t<\/div>\n\t\t\t\t\t<\/div>\n\t\t\t\t<\/div>\n\t\t\t\t<\/div>\n\t\t\t\t<\/div>\n\t\t\t\t\t<\/div>\n\t\t\t\t<\/div>\n\t\t\t\t<\/div>\n\t\t<div class=\"elementor-element elementor-element-f1c72c9 e-flex e-con-boxed e-con e-parent\" data-id=\"f1c72c9\" data-element_type=\"container\" data-e-type=\"container\">\n\t\t\t\t\t<div class=\"e-con-inner\">\n\t\t\t\t<div class=\"elementor-element elementor-element-f56b4a1 elementor-widget elementor-widget-button\" data-id=\"f56b4a1\" data-element_type=\"widget\" data-e-type=\"widget\" data-widget_type=\"button.default\">\n\t\t\t\t<div class=\"elementor-widget-container\">\n\t\t\t\t\t\t\t\t\t<div class=\"elementor-button-wrapper\">\n\t\t\t\t\t<a class=\"elementor-button elementor-button-link elementor-size-sm\" href=\"\/en\/campus-dogs-empfiehlt\/\">\n\t\t\t\t\t\t<span class=\"elementor-button-content-wrapper\">\n\t\t\t\t\t\t\t\t\t<span class=\"elementor-button-text\">zur\u00fcck zur \u00dcbersicht<\/span>\n\t\t\t\t\t<\/span>\n\t\t\t\t\t<\/a>\n\t\t\t\t<\/div>\n\t\t\t\t\t\t\t\t<\/div>\n\t\t\t\t<\/div>\n\t\t\t\t\t<\/div>\n\t\t\t\t<\/div>\n\t\t\t\t<\/div>","protected":false},"excerpt":{"rendered":"<p>Wintertools Sicher, sichtbar und komfortabel durch den Winter. Shopping-Tipps empfohlen von Campus Dogs Stirnlampe LED mit Wischgeste steuerbar. Ein unverzichtbarer Helfer f\u00fcr Gassig\u00e4nge in der dunklen Jahreszeit. Heizweste mit Powerbank f\u00fcr den Zweibeiner Nachtfahrbrille f\u00fcr den Zweibeiner &#8211; nie wieder geblendet sein! verstellbares Leuchthalsband f\u00fcr Hunde selbstw\u00e4rmende Hundedecke &#8211; von Pearl pers\u00f6nlich getestet und f\u00fcr [&hellip;]<\/p>\n","protected":false},"author":2,"featured_media":0,"parent":0,"menu_order":0,"comment_status":"closed","ping_status":"closed","template":"","meta":{"site-sidebar-layout":"no-sidebar","site-content-layout":"page-builder","ast-site-content-layout":"full-width-container","site-content-style":"default","site-sidebar-style":"default","ast-global-header-display":"","ast-banner-title-visibility":"","ast-main-header-display":"","ast-hfb-above-header-display":"","ast-hfb-below-header-display":"","ast-hfb-mobile-header-display":"","site-post-title":"","ast-breadcrumbs-content":"","ast-featured-img":"disabled","footer-sml-layout":"","ast-disable-related-posts":"","theme-transparent-header-meta":"","adv-header-id-meta":"","stick-header-meta":"","header-above-stick-meta":"","header-main-stick-meta":"","header-below-stick-meta":"","astra-migrate-meta-layouts":"set","ast-page-background-enabled":"default","ast-page-background-meta":{"desktop":{"background-color":"var(--ast-global-color-4)","background-image":"","background-repeat":"repeat","background-position":"center center","background-size":"auto","background-attachment":"scroll","background-type":"","background-media":"","overlay-type":"","overlay-color":"","overlay-opacity":"","overlay-gradient":""},"tablet":{"background-color":"","background-image":"","background-repeat":"repeat","background-position":"center center","background-size":"auto","background-attachment":"scroll","background-type":"","background-media":"","overlay-type":"","overlay-color":"","overlay-opacity":"","overlay-gradient":""},"mobile":{"background-color":"","background-image":"","background-repeat":"repeat","background-position":"center center","background-size":"auto","background-attachment":"scroll","background-type":"","background-media":"","overlay-type":"","overlay-color":"","overlay-opacity":"","overlay-gradient":""}},"ast-content-background-meta":{"desktop":{"background-color":"var(--ast-global-color-5)","background-image":"","background-repeat":"repeat","background-position":"center center","background-size":"auto","background-attachment":"scroll","background-type":"","background-media":"","overlay-type":"","overlay-color":"","overlay-opacity":"","overlay-gradient":""},"tablet":{"background-color":"var(--ast-global-color-5)","background-image":"","background-repeat":"repeat","background-position":"center center","background-size":"auto","background-attachment":"scroll","background-type":"","background-media":"","overlay-type":"","overlay-color":"","overlay-opacity":"","overlay-gradient":""},"mobile":{"background-color":"var(--ast-global-color-5)","background-image":"","background-repeat":"repeat","background-position":"center center","background-size":"auto","background-attachment":"scroll","background-type":"","background-media":"","overlay-type":"","overlay-color":"","overlay-opacity":"","overlay-gradient":""}},"footnotes":""},"class_list":["post-7370","page","type-page","status-publish","hentry"],"_links":{"self":[{"href":"https:\/\/campusdogs.de\/en\/wp-json\/wp\/v2\/pages\/7370","targetHints":{"allow":["GET"]}}],"collection":[{"href":"https:\/\/campusdogs.de\/en\/wp-json\/wp\/v2\/pages"}],"about":[{"href":"https:\/\/campusdogs.de\/en\/wp-json\/wp\/v2\/types\/page"}],"author":[{"embeddable":true,"href":"https:\/\/campusdogs.de\/en\/wp-json\/wp\/v2\/users\/2"}],"replies":[{"embeddable":true,"href":"https:\/\/campusdogs.de\/en\/wp-json\/wp\/v2\/comments?post=7370"}],"version-history":[{"count":25,"href":"https:\/\/campusdogs.de\/en\/wp-json\/wp\/v2\/pages\/7370\/revisions"}],"predecessor-version":[{"id":7903,"href":"https:\/\/campusdogs.de\/en\/wp-json\/wp\/v2\/pages\/7370\/revisions\/7903"}],"wp:attachment":[{"href":"https:\/\/campusdogs.de\/en\/wp-json\/wp\/v2\/media?parent=7370"}],"curies":[{"name":"wp","href":"https:\/\/api.w.org\/{rel}","templated":true}]}}