{"id":7378,"date":"2026-01-12T12:56:11","date_gmt":"2026-01-12T11:56:11","guid":{"rendered":"https:\/\/campusdogs.de\/?page_id=7378"},"modified":"2026-03-05T15:58:06","modified_gmt":"2026-03-05T14:58:06","slug":"fuer-den-zweibeiner","status":"publish","type":"page","link":"https:\/\/campusdogs.de\/en\/fuer-den-zweibeiner\/","title":{"rendered":"F\u00fcr den Zweibeiner"},"content":{"rendered":"<div data-elementor-type=\"wp-page\" data-elementor-id=\"7378\" class=\"elementor elementor-7378\" data-elementor-post-type=\"page\">\n\t\t\t\t<div class=\"elementor-element elementor-element-8992224 e-con-full e-flex e-con e-parent\" data-id=\"8992224\" data-element_type=\"container\" data-e-type=\"container\" data-settings=\"{&quot;background_background&quot;:&quot;classic&quot;}\">\n\t\t<div class=\"elementor-element elementor-element-7a8cfd2 e-flex e-con-boxed e-con e-child\" data-id=\"7a8cfd2\" data-element_type=\"container\" data-e-type=\"container\">\n\t\t\t\t\t<div class=\"e-con-inner\">\n\t\t<div class=\"elementor-element elementor-element-c4227fc e-con-full e-flex e-con e-child\" data-id=\"c4227fc\" data-element_type=\"container\" data-e-type=\"container\">\n\t\t<div class=\"elementor-element elementor-element-1ba4e60 e-con-full e-flex e-con e-child\" data-id=\"1ba4e60\" data-element_type=\"container\" data-e-type=\"container\">\n\t\t<div class=\"elementor-element elementor-element-2a15eac e-flex e-con-boxed e-con e-child\" data-id=\"2a15eac\" data-element_type=\"container\" data-e-type=\"container\">\n\t\t\t\t\t<div class=\"e-con-inner\">\n\t\t\t\t<div class=\"elementor-element elementor-element-0cee74e elementor-widget elementor-widget-heading\" data-id=\"0cee74e\" data-element_type=\"widget\" data-e-type=\"widget\" data-widget_type=\"heading.default\">\n\t\t\t\t<div class=\"elementor-widget-container\">\n\t\t\t\t\t<h1 class=\"elementor-heading-title elementor-size-default\">F\u00fcr den Zweibeiner<\/h1>\t\t\t\t<\/div>\n\t\t\t\t<\/div>\n\t\t\t\t<div class=\"elementor-element elementor-element-4324d9f elementor-widget elementor-widget-heading\" data-id=\"4324d9f\" data-element_type=\"widget\" data-e-type=\"widget\" data-widget_type=\"heading.default\">\n\t\t\t\t<div class=\"elementor-widget-container\">\n\t\t\t\t\t<p class=\"elementor-heading-title elementor-size-default\">Praktische und sinnvolle Ausr\u00fcstung f\u00fcr Hundemenschen.<\/p>\t\t\t\t<\/div>\n\t\t\t\t<\/div>\n\t\t\t\t\t<\/div>\n\t\t\t\t<\/div>\n\t\t\t\t<\/div>\n\t\t\t\t<\/div>\n\t\t\t\t\t<\/div>\n\t\t\t\t<\/div>\n\t\t\t\t<\/div>\n\t\t<div class=\"elementor-element elementor-element-f3017c1 e-con-full e-flex e-con e-parent\" data-id=\"f3017c1\" data-element_type=\"container\" data-e-type=\"container\">\n\t\t<div class=\"elementor-element elementor-element-e0b286a e-flex e-con-boxed e-con e-child\" data-id=\"e0b286a\" data-element_type=\"container\" data-e-type=\"container\">\n\t\t\t\t\t<div class=\"e-con-inner\">\n\t\t<div class=\"elementor-element elementor-element-9dd0e17 e-con-full e-flex e-con e-child\" data-id=\"9dd0e17\" data-element_type=\"container\" data-e-type=\"container\">\n\t\t<div class=\"elementor-element elementor-element-2ca946c e-con-full e-flex e-con e-child\" data-id=\"2ca946c\" data-element_type=\"container\" data-e-type=\"container\">\n\t\t<div class=\"elementor-element elementor-element-55d38c3 e-flex e-con-boxed e-con e-child\" data-id=\"55d38c3\" data-element_type=\"container\" data-e-type=\"container\">\n\t\t\t\t\t<div class=\"e-con-inner\">\n\t\t\t\t<div class=\"elementor-element elementor-element-4c54cd5 elementor-widget elementor-widget-heading\" data-id=\"4c54cd5\" data-element_type=\"widget\" data-e-type=\"widget\" data-widget_type=\"heading.default\">\n\t\t\t\t<div class=\"elementor-widget-container\">\n\t\t\t\t\t<h2 class=\"elementor-heading-title elementor-size-default\">Shopping-Tipps empfohlen von Campus Dogs<\/h2>\t\t\t\t<\/div>\n\t\t\t\t<\/div>\n\t\t\t\t<div class=\"elementor-element elementor-element-d285f23 elementor-widget-divider--view-line elementor-widget elementor-widget-divider\" data-id=\"d285f23\" data-element_type=\"widget\" data-e-type=\"widget\" data-widget_type=\"divider.default\">\n\t\t\t\t<div class=\"elementor-widget-container\">\n\t\t\t\t\t\t\t<div class=\"elementor-divider\">\n\t\t\t<span class=\"elementor-divider-separator\">\n\t\t\t\t\t\t<\/span>\n\t\t<\/div>\n\t\t\t\t\t\t<\/div>\n\t\t\t\t<\/div>\n\t\t\t\t\t<\/div>\n\t\t\t\t<\/div>\n\t\t\t\t<\/div>\n\t\t\t\t<\/div>\n\t\t\t\t\t<\/div>\n\t\t\t\t<\/div>\n\t\t\t\t<\/div>\n\t\t<div class=\"elementor-element elementor-element-1321bf1 e-con-full e-flex e-con e-child\" data-id=\"1321bf1\" data-element_type=\"container\" data-e-type=\"container\">\n\t\t<div class=\"elementor-element elementor-element-ce9f308 e-flex e-con-boxed e-con e-child\" data-id=\"ce9f308\" data-element_type=\"container\" data-e-type=\"container\">\n\t\t\t\t\t<div class=\"e-con-inner\">\n\t\t<div class=\"elementor-element elementor-element-3028307 e-con-full e-flex e-con e-child\" data-id=\"3028307\" data-element_type=\"container\" data-e-type=\"container\">\n\t\t<div class=\"elementor-element elementor-element-9c9fa5f e-con-full e-flex e-con e-child\" data-id=\"9c9fa5f\" data-element_type=\"container\" data-e-type=\"container\">\n\t\t<div class=\"elementor-element elementor-element-2b6f57b e-flex e-con-boxed e-con e-child\" data-id=\"2b6f57b\" data-element_type=\"container\" data-e-type=\"container\">\n\t\t\t\t\t<div class=\"e-con-inner\">\n\t\t\t\t<div class=\"elementor-element elementor-element-89cf864 elementor-widget elementor-widget-text-editor\" data-id=\"89cf864\" data-element_type=\"widget\" data-e-type=\"widget\" data-widget_type=\"text-editor.default\">\n\t\t\t\t<div class=\"elementor-widget-container\">\n\t\t\t\t\t\t\t\t\t<ul><li><a href=\"https:\/\/amzn.to\/3N7KF1T\" target=\"_blank\" rel=\"noopener\">Stirnlampe LED<\/a> mit Wischgeste steuerbar<\/li><li><a href=\"https:\/\/amzn.to\/4sLXluP\" target=\"_blank\" rel=\"noopener\">Heizweste<\/a> mit Powerbank<\/li><li><a href=\"https:\/\/amzn.to\/4cvEwak\" target=\"_blank\" rel=\"noopener\">Shirt Damen<\/a> &#8222;Never walk alone&#8220;<\/li><li><a href=\"https:\/\/amzn.to\/4rbhb0Y\" target=\"_blank\" rel=\"noopener\">Shirt Damen<\/a> &#8222;Die mit dem Hund geht&#8220;<\/li><li><a href=\"https:\/\/amzn.to\/4rSk0Fq\" target=\"_blank\" rel=\"noopener\">Shirt Damen<\/a> &#8222;Leg dich niemals mit meinem Frauchen an&#8230;&#8220;<\/li><li>Shirt &#8222;<a href=\"https:\/\/amzn.to\/4siMI20\" target=\"_blank\" rel=\"noopener\">Australian Shepherd<\/a>&#8220; unisex<\/li><li>sehr cooles <a href=\"https:\/\/amzn.to\/4sr9Knp\" target=\"_blank\" rel=\"noopener\">Pfannenset<\/a> mit abnehmbarem Griff<\/li><\/ul>\t\t\t\t\t\t\t\t<\/div>\n\t\t\t\t<\/div>\n\t\t\t\t\t<\/div>\n\t\t\t\t<\/div>\n\t\t\t\t<\/div>\n\t\t<div class=\"elementor-element elementor-element-7ebacfe e-con-full e-flex e-con e-child\" data-id=\"7ebacfe\" data-element_type=\"container\" data-e-type=\"container\">\n\t\t<div class=\"elementor-element elementor-element-cf78225 e-flex e-con-boxed e-con e-child\" data-id=\"cf78225\" data-element_type=\"container\" data-e-type=\"container\">\n\t\t\t\t\t<div class=\"e-con-inner\">\n\t\t\t\t<div class=\"elementor-element elementor-element-577edc7 elementor-widget elementor-widget-image\" data-id=\"577edc7\" data-element_type=\"widget\" data-e-type=\"widget\" data-widget_type=\"image.default\">\n\t\t\t\t<div class=\"elementor-widget-container\">\n\t\t\t\t\t\t\t\t\t\t\t\t\t\t\t<img fetchpriority=\"high\" decoding=\"async\" width=\"960\" height=\"639\" src=\"https:\/\/campusdogs.de\/wp-content\/uploads\/2026\/01\/zweibeiner-960x639.jpg\" class=\"attachment-large size-large wp-image-7309\" alt=\"\" srcset=\"https:\/\/campusdogs.de\/wp-content\/uploads\/2026\/01\/zweibeiner-960x639.jpg 960w, https:\/\/campusdogs.de\/wp-content\/uploads\/2026\/01\/zweibeiner-640x426.jpg 640w, https:\/\/campusdogs.de\/wp-content\/uploads\/2026\/01\/zweibeiner-768x511.jpg 768w, https:\/\/campusdogs.de\/wp-content\/uploads\/2026\/01\/zweibeiner.jpg 1000w\" sizes=\"(max-width: 960px) 100vw, 960px\" \/>\t\t\t\t\t\t\t\t\t\t\t\t\t\t\t<\/div>\n\t\t\t\t<\/div>\n\t\t\t\t\t<\/div>\n\t\t\t\t<\/div>\n\t\t\t\t<\/div>\n\t\t\t\t<\/div>\n\t\t\t\t\t<\/div>\n\t\t\t\t<\/div>\n\t\t\t\t<\/div>\n\t\t<div class=\"elementor-element elementor-element-7d9e0a6 e-flex e-con-boxed e-con e-parent\" data-id=\"7d9e0a6\" data-element_type=\"container\" data-e-type=\"container\">\n\t\t\t\t\t<div class=\"e-con-inner\">\n\t\t\t\t<div class=\"elementor-element elementor-element-1e96224 elementor-widget elementor-widget-button\" data-id=\"1e96224\" data-element_type=\"widget\" data-e-type=\"widget\" data-widget_type=\"button.default\">\n\t\t\t\t<div class=\"elementor-widget-container\">\n\t\t\t\t\t\t\t\t\t<div class=\"elementor-button-wrapper\">\n\t\t\t\t\t<a class=\"elementor-button elementor-button-link elementor-size-sm\" href=\"\/en\/campus-dogs-empfiehlt\/\">\n\t\t\t\t\t\t<span class=\"elementor-button-content-wrapper\">\n\t\t\t\t\t\t\t\t\t<span class=\"elementor-button-text\">zur\u00fcck zur \u00dcbersicht<\/span>\n\t\t\t\t\t<\/span>\n\t\t\t\t\t<\/a>\n\t\t\t\t<\/div>\n\t\t\t\t\t\t\t\t<\/div>\n\t\t\t\t<\/div>\n\t\t\t\t\t<\/div>\n\t\t\t\t<\/div>\n\t\t\t\t<\/div>","protected":false},"excerpt":{"rendered":"<p>F\u00fcr den Zweibeiner Praktische und sinnvolle Ausr\u00fcstung f\u00fcr Hundemenschen. Shopping-Tipps empfohlen von Campus Dogs Stirnlampe LED mit Wischgeste steuerbar Heizweste mit Powerbank Shirt Damen &#8222;Never walk alone&#8220; Shirt Damen &#8222;Die mit dem Hund geht&#8220; Shirt Damen &#8222;Leg dich niemals mit meinem Frauchen an&#8230;&#8220; Shirt &#8222;Australian Shepherd&#8220; unisex sehr cooles Pfannenset mit abnehmbarem Griff zur\u00fcck zur [&hellip;]<\/p>\n","protected":false},"author":2,"featured_media":0,"parent":0,"menu_order":0,"comment_status":"closed","ping_status":"closed","template":"","meta":{"site-sidebar-layout":"no-sidebar","site-content-layout":"page-builder","ast-site-content-layout":"full-width-container","site-content-style":"default","site-sidebar-style":"default","ast-global-header-display":"","ast-banner-title-visibility":"","ast-main-header-display":"","ast-hfb-above-header-display":"","ast-hfb-below-header-display":"","ast-hfb-mobile-header-display":"","site-post-title":"","ast-breadcrumbs-content":"","ast-featured-img":"disabled","footer-sml-layout":"","ast-disable-related-posts":"","theme-transparent-header-meta":"","adv-header-id-meta":"","stick-header-meta":"","header-above-stick-meta":"","header-main-stick-meta":"","header-below-stick-meta":"","astra-migrate-meta-layouts":"set","ast-page-background-enabled":"default","ast-page-background-meta":{"desktop":{"background-color":"var(--ast-global-color-4)","background-image":"","background-repeat":"repeat","background-position":"center center","background-size":"auto","background-attachment":"scroll","background-type":"","background-media":"","overlay-type":"","overlay-color":"","overlay-opacity":"","overlay-gradient":""},"tablet":{"background-color":"","background-image":"","background-repeat":"repeat","background-position":"center center","background-size":"auto","background-attachment":"scroll","background-type":"","background-media":"","overlay-type":"","overlay-color":"","overlay-opacity":"","overlay-gradient":""},"mobile":{"background-color":"","background-image":"","background-repeat":"repeat","background-position":"center center","background-size":"auto","background-attachment":"scroll","background-type":"","background-media":"","overlay-type":"","overlay-color":"","overlay-opacity":"","overlay-gradient":""}},"ast-content-background-meta":{"desktop":{"background-color":"var(--ast-global-color-5)","background-image":"","background-repeat":"repeat","background-position":"center center","background-size":"auto","background-attachment":"scroll","background-type":"","background-media":"","overlay-type":"","overlay-color":"","overlay-opacity":"","overlay-gradient":""},"tablet":{"background-color":"var(--ast-global-color-5)","background-image":"","background-repeat":"repeat","background-position":"center center","background-size":"auto","background-attachment":"scroll","background-type":"","background-media":"","overlay-type":"","overlay-color":"","overlay-opacity":"","overlay-gradient":""},"mobile":{"background-color":"var(--ast-global-color-5)","background-image":"","background-repeat":"repeat","background-position":"center center","background-size":"auto","background-attachment":"scroll","background-type":"","background-media":"","overlay-type":"","overlay-color":"","overlay-opacity":"","overlay-gradient":""}},"footnotes":""},"class_list":["post-7378","page","type-page","status-publish","hentry"],"_links":{"self":[{"href":"https:\/\/campusdogs.de\/en\/wp-json\/wp\/v2\/pages\/7378","targetHints":{"allow":["GET"]}}],"collection":[{"href":"https:\/\/campusdogs.de\/en\/wp-json\/wp\/v2\/pages"}],"about":[{"href":"https:\/\/campusdogs.de\/en\/wp-json\/wp\/v2\/types\/page"}],"author":[{"embeddable":true,"href":"https:\/\/campusdogs.de\/en\/wp-json\/wp\/v2\/users\/2"}],"replies":[{"embeddable":true,"href":"https:\/\/campusdogs.de\/en\/wp-json\/wp\/v2\/comments?post=7378"}],"version-history":[{"count":46,"href":"https:\/\/campusdogs.de\/en\/wp-json\/wp\/v2\/pages\/7378\/revisions"}],"predecessor-version":[{"id":7936,"href":"https:\/\/campusdogs.de\/en\/wp-json\/wp\/v2\/pages\/7378\/revisions\/7936"}],"wp:attachment":[{"href":"https:\/\/campusdogs.de\/en\/wp-json\/wp\/v2\/media?parent=7378"}],"curies":[{"name":"wp","href":"https:\/\/api.w.org\/{rel}","templated":true}]}}