{"id":7436,"date":"2026-01-12T15:33:01","date_gmt":"2026-01-12T14:33:01","guid":{"rendered":"https:\/\/campusdogs.de\/?page_id=7436"},"modified":"2026-03-05T11:42:45","modified_gmt":"2026-03-05T10:42:45","slug":"hundesport-co","status":"publish","type":"page","link":"https:\/\/campusdogs.de\/en\/hundesport-co\/","title":{"rendered":"Hundesport &amp; Co"},"content":{"rendered":"<div data-elementor-type=\"wp-page\" data-elementor-id=\"7436\" class=\"elementor elementor-7436\" data-elementor-post-type=\"page\">\n\t\t\t\t<div class=\"elementor-element elementor-element-221972f6 e-con-full e-flex e-con e-parent\" data-id=\"221972f6\" data-element_type=\"container\" data-e-type=\"container\" data-settings=\"{&quot;background_background&quot;:&quot;classic&quot;}\">\n\t\t<div class=\"elementor-element elementor-element-4baedb28 e-flex e-con-boxed e-con e-child\" data-id=\"4baedb28\" data-element_type=\"container\" data-e-type=\"container\">\n\t\t\t\t\t<div class=\"e-con-inner\">\n\t\t<div class=\"elementor-element elementor-element-698a9d7b e-con-full e-flex e-con e-child\" data-id=\"698a9d7b\" data-element_type=\"container\" data-e-type=\"container\">\n\t\t<div class=\"elementor-element elementor-element-34ee7e50 e-con-full e-flex e-con e-child\" data-id=\"34ee7e50\" data-element_type=\"container\" data-e-type=\"container\">\n\t\t<div class=\"elementor-element elementor-element-5816aabc e-flex e-con-boxed e-con e-child\" data-id=\"5816aabc\" data-element_type=\"container\" data-e-type=\"container\">\n\t\t\t\t\t<div class=\"e-con-inner\">\n\t\t\t\t<div class=\"elementor-element elementor-element-3d19a579 elementor-widget elementor-widget-heading\" data-id=\"3d19a579\" data-element_type=\"widget\" data-e-type=\"widget\" data-widget_type=\"heading.default\">\n\t\t\t\t<div class=\"elementor-widget-container\">\n\t\t\t\t\t<h1 class=\"elementor-heading-title elementor-size-default\">Hundesport &amp; Co<\/h1>\t\t\t\t<\/div>\n\t\t\t\t<\/div>\n\t\t\t\t<div class=\"elementor-element elementor-element-46e8b0d3 elementor-widget elementor-widget-heading\" data-id=\"46e8b0d3\" data-element_type=\"widget\" data-e-type=\"widget\" data-widget_type=\"heading.default\">\n\t\t\t\t<div class=\"elementor-widget-container\">\n\t\t\t\t\t<p class=\"elementor-heading-title elementor-size-default\">Ger\u00e4te f\u00fcr den Hundesport und anderes Trainingsequipment<\/p>\t\t\t\t<\/div>\n\t\t\t\t<\/div>\n\t\t\t\t\t<\/div>\n\t\t\t\t<\/div>\n\t\t\t\t<\/div>\n\t\t\t\t<\/div>\n\t\t\t\t\t<\/div>\n\t\t\t\t<\/div>\n\t\t\t\t<\/div>\n\t\t<div class=\"elementor-element elementor-element-8e075e6 e-con-full e-flex e-con e-parent\" data-id=\"8e075e6\" data-element_type=\"container\" data-e-type=\"container\">\n\t\t<div class=\"elementor-element elementor-element-d2b3023 e-flex e-con-boxed e-con e-child\" data-id=\"d2b3023\" data-element_type=\"container\" data-e-type=\"container\">\n\t\t\t\t\t<div class=\"e-con-inner\">\n\t\t<div class=\"elementor-element elementor-element-7c224f8 e-con-full e-flex e-con e-child\" data-id=\"7c224f8\" data-element_type=\"container\" data-e-type=\"container\">\n\t\t<div class=\"elementor-element elementor-element-86a9984 e-con-full e-flex e-con e-child\" data-id=\"86a9984\" data-element_type=\"container\" data-e-type=\"container\">\n\t\t<div class=\"elementor-element elementor-element-4d3fdfc e-flex e-con-boxed e-con e-child\" data-id=\"4d3fdfc\" data-element_type=\"container\" data-e-type=\"container\">\n\t\t\t\t\t<div class=\"e-con-inner\">\n\t\t\t\t<div class=\"elementor-element elementor-element-dad6592 elementor-widget elementor-widget-heading\" data-id=\"dad6592\" data-element_type=\"widget\" data-e-type=\"widget\" data-widget_type=\"heading.default\">\n\t\t\t\t<div class=\"elementor-widget-container\">\n\t\t\t\t\t<h2 class=\"elementor-heading-title elementor-size-default\">Shopping-Tipps empfohlen von Campus Dogs<\/h2>\t\t\t\t<\/div>\n\t\t\t\t<\/div>\n\t\t\t\t<div class=\"elementor-element elementor-element-625111f elementor-widget-divider--view-line elementor-widget elementor-widget-divider\" data-id=\"625111f\" data-element_type=\"widget\" data-e-type=\"widget\" data-widget_type=\"divider.default\">\n\t\t\t\t<div class=\"elementor-widget-container\">\n\t\t\t\t\t\t\t<div class=\"elementor-divider\">\n\t\t\t<span class=\"elementor-divider-separator\">\n\t\t\t\t\t\t<\/span>\n\t\t<\/div>\n\t\t\t\t\t\t<\/div>\n\t\t\t\t<\/div>\n\t\t\t\t\t<\/div>\n\t\t\t\t<\/div>\n\t\t\t\t<\/div>\n\t\t\t\t<\/div>\n\t\t\t\t\t<\/div>\n\t\t\t\t<\/div>\n\t\t<div class=\"elementor-element elementor-element-1b736ef e-con-full e-flex e-con e-child\" data-id=\"1b736ef\" data-element_type=\"container\" data-e-type=\"container\">\n\t\t<div class=\"elementor-element elementor-element-b225f38 e-flex e-con-boxed e-con e-child\" data-id=\"b225f38\" data-element_type=\"container\" data-e-type=\"container\">\n\t\t\t\t\t<div class=\"e-con-inner\">\n\t\t<div class=\"elementor-element elementor-element-17c3f1d e-con-full e-flex e-con e-child\" data-id=\"17c3f1d\" data-element_type=\"container\" data-e-type=\"container\">\n\t\t<div class=\"elementor-element elementor-element-2ec807a e-con-full e-flex e-con e-child\" data-id=\"2ec807a\" data-element_type=\"container\" data-e-type=\"container\">\n\t\t<div class=\"elementor-element elementor-element-df6c360 e-flex e-con-boxed e-con e-child\" data-id=\"df6c360\" data-element_type=\"container\" data-e-type=\"container\">\n\t\t\t\t\t<div class=\"e-con-inner\">\n\t\t\t\t<div class=\"elementor-element elementor-element-e3f466d elementor-widget elementor-widget-text-editor\" data-id=\"e3f466d\" data-element_type=\"widget\" data-e-type=\"widget\" data-widget_type=\"text-editor.default\">\n\t\t\t\t<div class=\"elementor-widget-container\">\n\t\t\t\t\t\t\t\t\t<ul><li><a href=\"https:\/\/amzn.to\/4rd6Th4\" target=\"_blank\" rel=\"noopener\">Hoopers B\u00f6gen<\/a> 6x<\/li><li><a href=\"https:\/\/amzn.to\/46DBrkO\" target=\"_blank\" rel=\"noopener\">Hoopers Tunnel<\/a><\/li><li><a href=\"https:\/\/amzn.to\/4l8HVhz\" target=\"_blank\" rel=\"noopener\">Hoopers Tonnen<\/a> 2er Pack<\/li><li><a href=\"https:\/\/amzn.to\/4l7NyfK\" target=\"_blank\" rel=\"noopener\">Trickdogging Buzzer<\/a> mit Aufnahmefunktion<\/li><li><a href=\"https:\/\/amzn.to\/4ufQfAc\" target=\"_blank\" rel=\"noopener\">Markierungsh\u00fctchen<\/a> (bspw. f\u00fcr Longieren)<\/li><li><a href=\"https:\/\/amzn.to\/3NgN4Yg\" target=\"_blank\" rel=\"noopener\">Markierungsh\u00fctchen<\/a> mit Loch (f\u00fcr Longieren oder Suchspiele)<\/li><li><a href=\"https:\/\/amzn.to\/46JujDj\" target=\"_blank\" rel=\"noopener\">PetSafe Futterautomat<\/a> f\u00fcr optimales Training<\/li><\/ul>\t\t\t\t\t\t\t\t<\/div>\n\t\t\t\t<\/div>\n\t\t\t\t\t<\/div>\n\t\t\t\t<\/div>\n\t\t\t\t<\/div>\n\t\t<div class=\"elementor-element elementor-element-06edae8 e-con-full e-flex e-con e-child\" data-id=\"06edae8\" data-element_type=\"container\" data-e-type=\"container\">\n\t\t<div class=\"elementor-element elementor-element-8a133e4 e-flex e-con-boxed e-con e-child\" data-id=\"8a133e4\" data-element_type=\"container\" data-e-type=\"container\">\n\t\t\t\t\t<div class=\"e-con-inner\">\n\t\t\t\t<div class=\"elementor-element elementor-element-3fd5c76 elementor-widget elementor-widget-image\" data-id=\"3fd5c76\" data-element_type=\"widget\" data-e-type=\"widget\" data-widget_type=\"image.default\">\n\t\t\t\t<div class=\"elementor-widget-container\">\n\t\t\t\t\t\t\t\t\t\t\t\t\t\t\t<img fetchpriority=\"high\" decoding=\"async\" width=\"960\" height=\"636\" src=\"https:\/\/campusdogs.de\/wp-content\/uploads\/2023\/07\/frisbee-1-960x636.jpg\" class=\"attachment-large size-large wp-image-5575\" alt=\"\" srcset=\"https:\/\/campusdogs.de\/wp-content\/uploads\/2023\/07\/frisbee-1-960x636.jpg 960w, https:\/\/campusdogs.de\/wp-content\/uploads\/2023\/07\/frisbee-1-640x424.jpg 640w, https:\/\/campusdogs.de\/wp-content\/uploads\/2023\/07\/frisbee-1-768x509.jpg 768w, https:\/\/campusdogs.de\/wp-content\/uploads\/2023\/07\/frisbee-1.jpg 1000w\" sizes=\"(max-width: 960px) 100vw, 960px\" \/>\t\t\t\t\t\t\t\t\t\t\t\t\t\t\t<\/div>\n\t\t\t\t<\/div>\n\t\t\t\t\t<\/div>\n\t\t\t\t<\/div>\n\t\t\t\t<\/div>\n\t\t\t\t<\/div>\n\t\t\t\t\t<\/div>\n\t\t\t\t<\/div>\n\t\t\t\t<\/div>\n\t\t\t\t<\/div>\n\t\t<div class=\"elementor-element elementor-element-714e8ff e-flex e-con-boxed e-con e-parent\" data-id=\"714e8ff\" data-element_type=\"container\" data-e-type=\"container\">\n\t\t\t\t\t<div class=\"e-con-inner\">\n\t\t\t\t<div class=\"elementor-element elementor-element-735a2c8 elementor-widget elementor-widget-button\" data-id=\"735a2c8\" data-element_type=\"widget\" data-e-type=\"widget\" data-widget_type=\"button.default\">\n\t\t\t\t<div class=\"elementor-widget-container\">\n\t\t\t\t\t\t\t\t\t<div class=\"elementor-button-wrapper\">\n\t\t\t\t\t<a class=\"elementor-button elementor-button-link elementor-size-sm\" href=\"\/en\/campus-dogs-empfiehlt\/\">\n\t\t\t\t\t\t<span class=\"elementor-button-content-wrapper\">\n\t\t\t\t\t\t\t\t\t<span class=\"elementor-button-text\">zur\u00fcck zur \u00dcbersicht<\/span>\n\t\t\t\t\t<\/span>\n\t\t\t\t\t<\/a>\n\t\t\t\t<\/div>\n\t\t\t\t\t\t\t\t<\/div>\n\t\t\t\t<\/div>\n\t\t\t\t\t<\/div>\n\t\t\t\t<\/div>\n\t\t\t\t<\/div>","protected":false},"excerpt":{"rendered":"<p>Hundesport &amp; Co Ger\u00e4te f\u00fcr den Hundesport und anderes Trainingsequipment Shopping-Tipps empfohlen von Campus Dogs Hoopers B\u00f6gen 6x Hoopers Tunnel Hoopers Tonnen 2er Pack Trickdogging Buzzer mit Aufnahmefunktion Markierungsh\u00fctchen (bspw. f\u00fcr Longieren) Markierungsh\u00fctchen mit Loch (f\u00fcr Longieren oder Suchspiele) PetSafe Futterautomat f\u00fcr optimales Training zur\u00fcck zur \u00dcbersicht<\/p>","protected":false},"author":2,"featured_media":0,"parent":0,"menu_order":0,"comment_status":"closed","ping_status":"closed","template":"","meta":{"site-sidebar-layout":"no-sidebar","site-content-layout":"page-builder","ast-site-content-layout":"full-width-container","site-content-style":"default","site-sidebar-style":"default","ast-global-header-display":"","ast-banner-title-visibility":"","ast-main-header-display":"","ast-hfb-above-header-display":"","ast-hfb-below-header-display":"","ast-hfb-mobile-header-display":"","site-post-title":"","ast-breadcrumbs-content":"","ast-featured-img":"disabled","footer-sml-layout":"","ast-disable-related-posts":"","theme-transparent-header-meta":"","adv-header-id-meta":"","stick-header-meta":"","header-above-stick-meta":"","header-main-stick-meta":"","header-below-stick-meta":"","astra-migrate-meta-layouts":"set","ast-page-background-enabled":"default","ast-page-background-meta":{"desktop":{"background-color":"var(--ast-global-color-4)","background-image":"","background-repeat":"repeat","background-position":"center center","background-size":"auto","background-attachment":"scroll","background-type":"","background-media":"","overlay-type":"","overlay-color":"","overlay-opacity":"","overlay-gradient":""},"tablet":{"background-color":"","background-image":"","background-repeat":"repeat","background-position":"center center","background-size":"auto","background-attachment":"scroll","background-type":"","background-media":"","overlay-type":"","overlay-color":"","overlay-opacity":"","overlay-gradient":""},"mobile":{"background-color":"","background-image":"","background-repeat":"repeat","background-position":"center center","background-size":"auto","background-attachment":"scroll","background-type":"","background-media":"","overlay-type":"","overlay-color":"","overlay-opacity":"","overlay-gradient":""}},"ast-content-background-meta":{"desktop":{"background-color":"var(--ast-global-color-5)","background-image":"","background-repeat":"repeat","background-position":"center center","background-size":"auto","background-attachment":"scroll","background-type":"","background-media":"","overlay-type":"","overlay-color":"","overlay-opacity":"","overlay-gradient":""},"tablet":{"background-color":"var(--ast-global-color-5)","background-image":"","background-repeat":"repeat","background-position":"center center","background-size":"auto","background-attachment":"scroll","background-type":"","background-media":"","overlay-type":"","overlay-color":"","overlay-opacity":"","overlay-gradient":""},"mobile":{"background-color":"var(--ast-global-color-5)","background-image":"","background-repeat":"repeat","background-position":"center center","background-size":"auto","background-attachment":"scroll","background-type":"","background-media":"","overlay-type":"","overlay-color":"","overlay-opacity":"","overlay-gradient":""}},"footnotes":""},"class_list":["post-7436","page","type-page","status-publish","hentry"],"_links":{"self":[{"href":"https:\/\/campusdogs.de\/en\/wp-json\/wp\/v2\/pages\/7436","targetHints":{"allow":["GET"]}}],"collection":[{"href":"https:\/\/campusdogs.de\/en\/wp-json\/wp\/v2\/pages"}],"about":[{"href":"https:\/\/campusdogs.de\/en\/wp-json\/wp\/v2\/types\/page"}],"author":[{"embeddable":true,"href":"https:\/\/campusdogs.de\/en\/wp-json\/wp\/v2\/users\/2"}],"replies":[{"embeddable":true,"href":"https:\/\/campusdogs.de\/en\/wp-json\/wp\/v2\/comments?post=7436"}],"version-history":[{"count":19,"href":"https:\/\/campusdogs.de\/en\/wp-json\/wp\/v2\/pages\/7436\/revisions"}],"predecessor-version":[{"id":7909,"href":"https:\/\/campusdogs.de\/en\/wp-json\/wp\/v2\/pages\/7436\/revisions\/7909"}],"wp:attachment":[{"href":"https:\/\/campusdogs.de\/en\/wp-json\/wp\/v2\/media?parent=7436"}],"curies":[{"name":"wp","href":"https:\/\/api.w.org\/{rel}","templated":true}]}}