{"id":7455,"date":"2026-01-12T16:00:44","date_gmt":"2026-01-12T15:00:44","guid":{"rendered":"https:\/\/campusdogs.de\/?page_id=7455"},"modified":"2026-01-26T11:19:26","modified_gmt":"2026-01-26T10:19:26","slug":"on-the-road","status":"publish","type":"page","link":"https:\/\/campusdogs.de\/en\/on-the-road\/","title":{"rendered":"On the road"},"content":{"rendered":"<div data-elementor-type=\"wp-page\" data-elementor-id=\"7455\" class=\"elementor elementor-7455\" data-elementor-post-type=\"page\">\n\t\t\t\t<div class=\"elementor-element elementor-element-4f053188 e-con-full e-flex e-con e-parent\" data-id=\"4f053188\" data-element_type=\"container\" data-e-type=\"container\" data-settings=\"{&quot;background_background&quot;:&quot;classic&quot;}\">\n\t\t<div class=\"elementor-element elementor-element-5af4a7c0 e-flex e-con-boxed e-con e-child\" data-id=\"5af4a7c0\" data-element_type=\"container\" data-e-type=\"container\">\n\t\t\t\t\t<div class=\"e-con-inner\">\n\t\t<div class=\"elementor-element elementor-element-96f0b4d e-con-full e-flex e-con e-child\" data-id=\"96f0b4d\" data-element_type=\"container\" data-e-type=\"container\">\n\t\t<div class=\"elementor-element elementor-element-72ec1a3d e-con-full e-flex e-con e-child\" data-id=\"72ec1a3d\" data-element_type=\"container\" data-e-type=\"container\">\n\t\t<div class=\"elementor-element elementor-element-5a97ae93 e-flex e-con-boxed e-con e-child\" data-id=\"5a97ae93\" data-element_type=\"container\" data-e-type=\"container\">\n\t\t\t\t\t<div class=\"e-con-inner\">\n\t\t\t\t<div class=\"elementor-element elementor-element-22518d7c elementor-widget elementor-widget-heading\" data-id=\"22518d7c\" data-element_type=\"widget\" data-e-type=\"widget\" data-widget_type=\"heading.default\">\n\t\t\t\t<div class=\"elementor-widget-container\">\n\t\t\t\t\t<h1 class=\"elementor-heading-title elementor-size-default\">On the road<\/h1>\t\t\t\t<\/div>\n\t\t\t\t<\/div>\n\t\t\t\t<div class=\"elementor-element elementor-element-6fa2afa7 elementor-widget elementor-widget-heading\" data-id=\"6fa2afa7\" data-element_type=\"widget\" data-e-type=\"widget\" data-widget_type=\"heading.default\">\n\t\t\t\t<div class=\"elementor-widget-container\">\n\t\t\t\t\t<p class=\"elementor-heading-title elementor-size-default\">Gut ausger\u00fcstet unterwegs mit Hund - zu Fu\u00df oder auf R\u00e4dern.<\/p>\t\t\t\t<\/div>\n\t\t\t\t<\/div>\n\t\t\t\t\t<\/div>\n\t\t\t\t<\/div>\n\t\t\t\t<\/div>\n\t\t\t\t<\/div>\n\t\t\t\t\t<\/div>\n\t\t\t\t<\/div>\n\t\t\t\t<\/div>\n\t\t<div class=\"elementor-element elementor-element-7401c0e e-con-full e-flex e-con e-parent\" data-id=\"7401c0e\" data-element_type=\"container\" data-e-type=\"container\">\n\t\t<div class=\"elementor-element elementor-element-53bb188 e-flex e-con-boxed e-con e-child\" data-id=\"53bb188\" data-element_type=\"container\" data-e-type=\"container\">\n\t\t\t\t\t<div class=\"e-con-inner\">\n\t\t<div class=\"elementor-element elementor-element-0e6d2b4 e-con-full e-flex e-con e-child\" data-id=\"0e6d2b4\" data-element_type=\"container\" data-e-type=\"container\">\n\t\t<div class=\"elementor-element elementor-element-7c9e935 e-con-full e-flex e-con e-child\" data-id=\"7c9e935\" data-element_type=\"container\" data-e-type=\"container\">\n\t\t<div class=\"elementor-element elementor-element-cd59011 e-flex e-con-boxed e-con e-child\" data-id=\"cd59011\" data-element_type=\"container\" data-e-type=\"container\">\n\t\t\t\t\t<div class=\"e-con-inner\">\n\t\t\t\t<div class=\"elementor-element elementor-element-fa43322 elementor-widget elementor-widget-heading\" data-id=\"fa43322\" data-element_type=\"widget\" data-e-type=\"widget\" data-widget_type=\"heading.default\">\n\t\t\t\t<div class=\"elementor-widget-container\">\n\t\t\t\t\t<h2 class=\"elementor-heading-title elementor-size-default\">Shopping-Tipps empfohlen von Campus Dogs<\/h2>\t\t\t\t<\/div>\n\t\t\t\t<\/div>\n\t\t\t\t<div class=\"elementor-element elementor-element-a007997 elementor-widget-divider--view-line elementor-widget elementor-widget-divider\" data-id=\"a007997\" data-element_type=\"widget\" data-e-type=\"widget\" data-widget_type=\"divider.default\">\n\t\t\t\t<div class=\"elementor-widget-container\">\n\t\t\t\t\t\t\t<div class=\"elementor-divider\">\n\t\t\t<span class=\"elementor-divider-separator\">\n\t\t\t\t\t\t<\/span>\n\t\t<\/div>\n\t\t\t\t\t\t<\/div>\n\t\t\t\t<\/div>\n\t\t\t\t\t<\/div>\n\t\t\t\t<\/div>\n\t\t\t\t<\/div>\n\t\t\t\t<\/div>\n\t\t\t\t\t<\/div>\n\t\t\t\t<\/div>\n\t\t<div class=\"elementor-element elementor-element-9222046 e-con-full e-flex e-con e-child\" data-id=\"9222046\" data-element_type=\"container\" data-e-type=\"container\">\n\t\t<div class=\"elementor-element elementor-element-94956b0 e-flex e-con-boxed e-con e-child\" data-id=\"94956b0\" data-element_type=\"container\" data-e-type=\"container\">\n\t\t\t\t\t<div class=\"e-con-inner\">\n\t\t<div class=\"elementor-element elementor-element-18154ed e-con-full e-flex e-con e-child\" data-id=\"18154ed\" data-element_type=\"container\" data-e-type=\"container\">\n\t\t<div class=\"elementor-element elementor-element-ff9808d e-con-full e-flex e-con e-child\" data-id=\"ff9808d\" data-element_type=\"container\" data-e-type=\"container\">\n\t\t<div class=\"elementor-element elementor-element-75f7e87 e-flex e-con-boxed e-con e-child\" data-id=\"75f7e87\" data-element_type=\"container\" data-e-type=\"container\">\n\t\t\t\t\t<div class=\"e-con-inner\">\n\t\t\t\t<div class=\"elementor-element elementor-element-e912c99 elementor-widget elementor-widget-text-editor\" data-id=\"e912c99\" data-element_type=\"widget\" data-e-type=\"widget\" data-widget_type=\"text-editor.default\">\n\t\t\t\t<div class=\"elementor-widget-container\">\n\t\t\t\t\t\t\t\t\t<ul><li>Auto: <a href=\"https:\/\/amzn.to\/3NCx1nu\" target=\"_blank\" rel=\"noopener\">R\u00fccksitzschutz mit stabiler &#8222;Bodenplatte&#8220;<\/a> f\u00fcr den Hund oder Gep\u00e4ck. Dieser Schutz f\u00fcr den R\u00fccksitz ist stabil genug, Deinem Hund sicheren Halt zu geben und sch\u00fctzt dein Auto.<\/li><li>Auto: ein absoltes Must have! <a href=\"https:\/\/amzn.to\/4qHJvc8\" target=\"_blank\" rel=\"noopener\">Bel\u00fcftungsschlauch f\u00fcrs Auto<\/a><br \/>Damit kommt die k\u00fchle Luft aus dem Gebl\u00e4se direkt bei Deinem Hund an.<\/li><li>von Pearl getestet und f\u00fcr gut befunden: <a href=\"https:\/\/amzn.to\/4sZYHCX\" target=\"_blank\" rel=\"noopener\">Hunderucksack<\/a><\/li><\/ul>\t\t\t\t\t\t\t\t<\/div>\n\t\t\t\t<\/div>\n\t\t\t\t\t<\/div>\n\t\t\t\t<\/div>\n\t\t\t\t<\/div>\n\t\t<div class=\"elementor-element elementor-element-c93a99f e-con-full e-flex e-con e-child\" data-id=\"c93a99f\" data-element_type=\"container\" data-e-type=\"container\">\n\t\t<div class=\"elementor-element elementor-element-abb0c88 e-flex e-con-boxed e-con e-child\" data-id=\"abb0c88\" data-element_type=\"container\" data-e-type=\"container\">\n\t\t\t\t\t<div class=\"e-con-inner\">\n\t\t\t\t<div class=\"elementor-element elementor-element-bbadfc8 elementor-widget elementor-widget-image\" data-id=\"bbadfc8\" data-element_type=\"widget\" data-e-type=\"widget\" data-widget_type=\"image.default\">\n\t\t\t\t<div class=\"elementor-widget-container\">\n\t\t\t\t\t\t\t\t\t\t\t\t\t\t\t<img fetchpriority=\"high\" decoding=\"async\" width=\"960\" height=\"639\" src=\"https:\/\/campusdogs.de\/wp-content\/uploads\/2026\/01\/on-the-road-960x639.jpg\" class=\"attachment-large size-large wp-image-7355\" alt=\"\" srcset=\"https:\/\/campusdogs.de\/wp-content\/uploads\/2026\/01\/on-the-road-960x639.jpg 960w, https:\/\/campusdogs.de\/wp-content\/uploads\/2026\/01\/on-the-road-640x426.jpg 640w, https:\/\/campusdogs.de\/wp-content\/uploads\/2026\/01\/on-the-road-768x511.jpg 768w, https:\/\/campusdogs.de\/wp-content\/uploads\/2026\/01\/on-the-road.jpg 1000w\" sizes=\"(max-width: 960px) 100vw, 960px\" \/>\t\t\t\t\t\t\t\t\t\t\t\t\t\t\t<\/div>\n\t\t\t\t<\/div>\n\t\t\t\t\t<\/div>\n\t\t\t\t<\/div>\n\t\t\t\t<\/div>\n\t\t\t\t<\/div>\n\t\t\t\t\t<\/div>\n\t\t\t\t<\/div>\n\t\t\t\t<\/div>\n\t\t\t\t<\/div>\n\t\t<div class=\"elementor-element elementor-element-806960a e-flex e-con-boxed e-con e-parent\" data-id=\"806960a\" data-element_type=\"container\" data-e-type=\"container\">\n\t\t\t\t\t<div class=\"e-con-inner\">\n\t\t\t\t<div class=\"elementor-element elementor-element-8dbdbd7 elementor-widget elementor-widget-button\" data-id=\"8dbdbd7\" data-element_type=\"widget\" data-e-type=\"widget\" data-widget_type=\"button.default\">\n\t\t\t\t<div class=\"elementor-widget-container\">\n\t\t\t\t\t\t\t\t\t<div class=\"elementor-button-wrapper\">\n\t\t\t\t\t<a class=\"elementor-button elementor-button-link elementor-size-sm\" href=\"\/en\/campus-dogs-empfiehlt\/\">\n\t\t\t\t\t\t<span class=\"elementor-button-content-wrapper\">\n\t\t\t\t\t\t\t\t\t<span class=\"elementor-button-text\">zur\u00fcck zur \u00dcbersicht<\/span>\n\t\t\t\t\t<\/span>\n\t\t\t\t\t<\/a>\n\t\t\t\t<\/div>\n\t\t\t\t\t\t\t\t<\/div>\n\t\t\t\t<\/div>\n\t\t\t\t\t<\/div>\n\t\t\t\t<\/div>\n\t\t\t\t<\/div>","protected":false},"excerpt":{"rendered":"<p>On the road Gut ausger\u00fcstet unterwegs mit Hund &#8211; zu Fu\u00df oder auf R\u00e4dern. Shopping-Tipps empfohlen von Campus Dogs Auto: R\u00fccksitzschutz mit stabiler &#8222;Bodenplatte&#8220; f\u00fcr den Hund oder Gep\u00e4ck. Dieser Schutz f\u00fcr den R\u00fccksitz ist stabil genug, Deinem Hund sicheren Halt zu geben und sch\u00fctzt dein Auto. Auto: ein absoltes Must have! Bel\u00fcftungsschlauch f\u00fcrs AutoDamit [&hellip;]<\/p>\n","protected":false},"author":2,"featured_media":0,"parent":0,"menu_order":0,"comment_status":"closed","ping_status":"closed","template":"","meta":{"site-sidebar-layout":"no-sidebar","site-content-layout":"page-builder","ast-site-content-layout":"full-width-container","site-content-style":"default","site-sidebar-style":"default","ast-global-header-display":"","ast-banner-title-visibility":"","ast-main-header-display":"","ast-hfb-above-header-display":"","ast-hfb-below-header-display":"","ast-hfb-mobile-header-display":"","site-post-title":"","ast-breadcrumbs-content":"","ast-featured-img":"disabled","footer-sml-layout":"","ast-disable-related-posts":"","theme-transparent-header-meta":"","adv-header-id-meta":"","stick-header-meta":"","header-above-stick-meta":"","header-main-stick-meta":"","header-below-stick-meta":"","astra-migrate-meta-layouts":"set","ast-page-background-enabled":"default","ast-page-background-meta":{"desktop":{"background-color":"var(--ast-global-color-4)","background-image":"","background-repeat":"repeat","background-position":"center center","background-size":"auto","background-attachment":"scroll","background-type":"","background-media":"","overlay-type":"","overlay-color":"","overlay-opacity":"","overlay-gradient":""},"tablet":{"background-color":"","background-image":"","background-repeat":"repeat","background-position":"center center","background-size":"auto","background-attachment":"scroll","background-type":"","background-media":"","overlay-type":"","overlay-color":"","overlay-opacity":"","overlay-gradient":""},"mobile":{"background-color":"","background-image":"","background-repeat":"repeat","background-position":"center center","background-size":"auto","background-attachment":"scroll","background-type":"","background-media":"","overlay-type":"","overlay-color":"","overlay-opacity":"","overlay-gradient":""}},"ast-content-background-meta":{"desktop":{"background-color":"var(--ast-global-color-5)","background-image":"","background-repeat":"repeat","background-position":"center center","background-size":"auto","background-attachment":"scroll","background-type":"","background-media":"","overlay-type":"","overlay-color":"","overlay-opacity":"","overlay-gradient":""},"tablet":{"background-color":"var(--ast-global-color-5)","background-image":"","background-repeat":"repeat","background-position":"center center","background-size":"auto","background-attachment":"scroll","background-type":"","background-media":"","overlay-type":"","overlay-color":"","overlay-opacity":"","overlay-gradient":""},"mobile":{"background-color":"var(--ast-global-color-5)","background-image":"","background-repeat":"repeat","background-position":"center center","background-size":"auto","background-attachment":"scroll","background-type":"","background-media":"","overlay-type":"","overlay-color":"","overlay-opacity":"","overlay-gradient":""}},"footnotes":""},"class_list":["post-7455","page","type-page","status-publish","hentry"],"_links":{"self":[{"href":"https:\/\/campusdogs.de\/en\/wp-json\/wp\/v2\/pages\/7455","targetHints":{"allow":["GET"]}}],"collection":[{"href":"https:\/\/campusdogs.de\/en\/wp-json\/wp\/v2\/pages"}],"about":[{"href":"https:\/\/campusdogs.de\/en\/wp-json\/wp\/v2\/types\/page"}],"author":[{"embeddable":true,"href":"https:\/\/campusdogs.de\/en\/wp-json\/wp\/v2\/users\/2"}],"replies":[{"embeddable":true,"href":"https:\/\/campusdogs.de\/en\/wp-json\/wp\/v2\/comments?post=7455"}],"version-history":[{"count":19,"href":"https:\/\/campusdogs.de\/en\/wp-json\/wp\/v2\/pages\/7455\/revisions"}],"predecessor-version":[{"id":7816,"href":"https:\/\/campusdogs.de\/en\/wp-json\/wp\/v2\/pages\/7455\/revisions\/7816"}],"wp:attachment":[{"href":"https:\/\/campusdogs.de\/en\/wp-json\/wp\/v2\/media?parent=7455"}],"curies":[{"name":"wp","href":"https:\/\/api.w.org\/{rel}","templated":true}]}}